{"id":2392,"date":"2018-01-17T13:32:28","date_gmt":"2018-01-17T13:32:28","guid":{"rendered":"http:\/\/192.168.0.2\/wpml\/?page_id=2392"},"modified":"2018-05-31T15:10:24","modified_gmt":"2018-05-31T15:10:24","slug":"projects-de","status":"publish","type":"page","link":"https:\/\/www.abram.lu\/de\/projects-de\/","title":{"rendered":"Projects DE"},"content":{"rendered":"\t\t<div data-elementor-type=\"wp-post\" data-elementor-id=\"2392\" class=\"elementor elementor-2392 elementor-bc-flex-widget\">\n\t\t\t\t\t\t<section class=\"elementor-section elementor-top-section elementor-element elementor-element-245b37ab elementor-section-boxed elementor-section-height-default elementor-section-height-default\" data-id=\"245b37ab\" data-element_type=\"section\" data-e-type=\"section\">\n\t\t\t\t\t\t<div class=\"elementor-container elementor-column-gap-default\">\n\t\t\t\t\t<div class=\"elementor-column elementor-col-33 elementor-top-column elementor-element elementor-element-7240c088\" data-id=\"7240c088\" data-element_type=\"column\" data-e-type=\"column\">\n\t\t\t<div class=\"elementor-widget-wrap elementor-element-populated\">\n\t\t\t\t\t\t<div class=\"elementor-element elementor-element-449dc178 elementor-widget elementor-widget-image\" data-id=\"449dc178\" data-element_type=\"widget\" data-e-type=\"widget\" data-widget_type=\"image.default\">\n\t\t\t\t<div class=\"elementor-widget-container\">\n\t\t\t\t\t\t\t\t\t\t\t\t\t\t\t\t<a href=\"https:\/\/www.abram.lu\/de\/projects-de\/semeando-de\/\">\n\t\t\t\t\t\t\t<img decoding=\"async\" width=\"80\" height=\"80\" src=\"https:\/\/www.abram.lu\/wp-content\/uploads\/2018\/01\/logo-225-150x150.jpg\" class=\"attachment-thumbnail size-thumbnail wp-image-2565\" alt=\"\" srcset=\"https:\/\/www.abram.lu\/wp-content\/uploads\/2018\/01\/logo-225-150x150.jpg 150w, https:\/\/www.abram.lu\/wp-content\/uploads\/2018\/01\/logo-225-100x100.jpg 100w, https:\/\/www.abram.lu\/wp-content\/uploads\/2018\/01\/logo-225.jpg 229w\" sizes=\"(max-width: 80px) 100vw, 80px\" \/>\t\t\t\t\t\t\t\t<\/a>\n\t\t\t\t\t\t\t\t\t\t\t\t\t\t\t<\/div>\n\t\t\t\t<\/div>\n\t\t\t\t\t<\/div>\n\t\t<\/div>\n\t\t\t\t<div class=\"elementor-column elementor-col-66 elementor-top-column elementor-element elementor-element-6d6164ec\" data-id=\"6d6164ec\" data-element_type=\"column\" data-e-type=\"column\">\n\t\t\t<div class=\"elementor-widget-wrap elementor-element-populated\">\n\t\t\t\t\t\t<div class=\"elementor-element elementor-element-607adc47 elementor-widget elementor-widget-text-editor\" data-id=\"607adc47\" data-element_type=\"widget\" data-e-type=\"widget\" data-widget_type=\"text-editor.default\">\n\t\t\t\t<div class=\"elementor-widget-container\">\n\t\t\t\t\t\t\t\t\t<h4><strong>Semeando samen der Hoffnung<\/strong><\/h4>\nSemeando ist ein Projekt, das unmittelbar gegen die Hungersnot und die \u00e4u\u00dferste Armut eingreift. In diesem Projekt st\u00e4dtischer Landwirtschaft sind durch die direkt beteiligten 15 Familien ungef\u00e4hr 200 Personen betroffen. Diese Familien leben im Herzen des am meisten benachteiligten Viertels der Stadt Cavalcante, im Nordosten des brasilianischen Staates Goias, ungef\u00e4hr 320 Kilometer n\u00f6rdlich der Hauptstadt Brasilia.<a href=\"https:\/\/www.abram.lu\/de\/projects-de\/semeando-de\/\">Weiter lesen<\/a>\t\t\t\t\t\t\t\t<\/div>\n\t\t\t\t<\/div>\n\t\t\t\t\t<\/div>\n\t\t<\/div>\n\t\t\t\t\t<\/div>\n\t\t<\/section>\n\t\t\t\t<section class=\"elementor-section elementor-top-section elementor-element elementor-element-518bbe61 elementor-section-boxed elementor-section-height-default elementor-section-height-default\" data-id=\"518bbe61\" data-element_type=\"section\" data-e-type=\"section\">\n\t\t\t\t\t\t<div class=\"elementor-container elementor-column-gap-default\">\n\t\t\t\t\t<div class=\"elementor-column elementor-col-33 elementor-top-column elementor-element elementor-element-57a01ea2\" data-id=\"57a01ea2\" data-element_type=\"column\" data-e-type=\"column\">\n\t\t\t<div class=\"elementor-widget-wrap elementor-element-populated\">\n\t\t\t\t\t\t<div class=\"elementor-element elementor-element-1ea139a elementor-widget elementor-widget-image\" data-id=\"1ea139a\" data-element_type=\"widget\" data-e-type=\"widget\" data-widget_type=\"image.default\">\n\t\t\t\t<div class=\"elementor-widget-container\">\n\t\t\t\t\t\t\t\t\t\t\t\t\t\t\t\t<a href=\"https:\/\/www.abram.lu\/de\/projects-de\/piodoki-2016-de\/\">\n\t\t\t\t\t\t\t<img decoding=\"async\" width=\"80\" height=\"80\" src=\"https:\/\/www.abram.lu\/wp-content\/uploads\/2018\/05\/logo-piodoki-150x150.jpg\" class=\"attachment-thumbnail size-thumbnail wp-image-3079\" alt=\"\" srcset=\"https:\/\/www.abram.lu\/wp-content\/uploads\/2018\/05\/logo-piodoki-150x150.jpg 150w, https:\/\/www.abram.lu\/wp-content\/uploads\/2018\/05\/logo-piodoki-450x453.jpg 450w, https:\/\/www.abram.lu\/wp-content\/uploads\/2018\/05\/logo-piodoki-100x100.jpg 100w, https:\/\/www.abram.lu\/wp-content\/uploads\/2018\/05\/logo-piodoki-298x300.jpg 298w, https:\/\/www.abram.lu\/wp-content\/uploads\/2018\/05\/logo-piodoki-768x773.jpg 768w, https:\/\/www.abram.lu\/wp-content\/uploads\/2018\/05\/logo-piodoki-1018x1024.jpg 1018w, https:\/\/www.abram.lu\/wp-content\/uploads\/2018\/05\/logo-piodoki.jpg 1297w\" sizes=\"(max-width: 80px) 100vw, 80px\" \/>\t\t\t\t\t\t\t\t<\/a>\n\t\t\t\t\t\t\t\t\t\t\t\t\t\t\t<\/div>\n\t\t\t\t<\/div>\n\t\t\t\t\t<\/div>\n\t\t<\/div>\n\t\t\t\t<div class=\"elementor-column elementor-col-66 elementor-top-column elementor-element elementor-element-5b4c7f9e\" data-id=\"5b4c7f9e\" data-element_type=\"column\" data-e-type=\"column\">\n\t\t\t<div class=\"elementor-widget-wrap elementor-element-populated\">\n\t\t\t\t\t\t<div class=\"elementor-element elementor-element-39ca649 elementor-widget elementor-widget-text-editor\" data-id=\"39ca649\" data-element_type=\"widget\" data-e-type=\"widget\" data-widget_type=\"text-editor.default\">\n\t\t\t\t<div class=\"elementor-widget-container\">\n\t\t\t\t\t\t\t\t\t<h4><strong>Piodoki 2016<\/strong><\/h4>\nDas Projekt Pioneiros do Quilombo geht zun\u00e4chst aus der Entstehung eines \u00f6kologischen und solidarischen Bauprojektes hervor. Das Ziel des Projektes ist, den kulturellen Austausch, die pers\u00f6nliche Entwicklung und das Bewusstsein f\u00fcr Umwelt und f\u00fcr humanit\u00e4re Arbeit durch eine Art von Tourismus zu f\u00f6rdern, um positive, nachhaltige Auswirkungen auf das Gebiet zu haben.<a href=\"https:\/\/www.abram.lu\/de\/projects-de\/piodoki-2016-de\/\">Weiter lesen<\/a>\t\t\t\t\t\t\t\t<\/div>\n\t\t\t\t<\/div>\n\t\t\t\t\t<\/div>\n\t\t<\/div>\n\t\t\t\t\t<\/div>\n\t\t<\/section>\n\t\t\t\t<section class=\"elementor-section elementor-top-section elementor-element elementor-element-65e1d972 elementor-section-boxed elementor-section-height-default elementor-section-height-default\" data-id=\"65e1d972\" data-element_type=\"section\" data-e-type=\"section\">\n\t\t\t\t\t\t<div class=\"elementor-container elementor-column-gap-default\">\n\t\t\t\t\t<div class=\"elementor-column elementor-col-33 elementor-top-column elementor-element elementor-element-55cda86e\" data-id=\"55cda86e\" data-element_type=\"column\" data-e-type=\"column\">\n\t\t\t<div class=\"elementor-widget-wrap elementor-element-populated\">\n\t\t\t\t\t\t<div class=\"elementor-element elementor-element-33dec8c7 elementor-widget elementor-widget-image\" data-id=\"33dec8c7\" data-element_type=\"widget\" data-e-type=\"widget\" data-widget_type=\"image.default\">\n\t\t\t\t<div class=\"elementor-widget-container\">\n\t\t\t\t\t\t\t\t\t\t\t\t\t\t\t\t<a href=\"https:\/\/www.abram.lu\/de\/projects-de\/dressmakers-of-a-better-world-de\/\">\n\t\t\t\t\t\t\t<img decoding=\"async\" width=\"80\" height=\"80\" src=\"https:\/\/www.abram.lu\/wp-content\/uploads\/2018\/05\/logo-couturi\u00e8res-150x150.jpg\" class=\"attachment-thumbnail size-thumbnail wp-image-3075\" alt=\"\" srcset=\"https:\/\/www.abram.lu\/wp-content\/uploads\/2018\/05\/logo-couturi\u00e8res-150x150.jpg 150w, https:\/\/www.abram.lu\/wp-content\/uploads\/2018\/05\/logo-couturi\u00e8res-450x453.jpg 450w, https:\/\/www.abram.lu\/wp-content\/uploads\/2018\/05\/logo-couturi\u00e8res-100x100.jpg 100w, https:\/\/www.abram.lu\/wp-content\/uploads\/2018\/05\/logo-couturi\u00e8res-298x300.jpg 298w, https:\/\/www.abram.lu\/wp-content\/uploads\/2018\/05\/logo-couturi\u00e8res-768x773.jpg 768w, https:\/\/www.abram.lu\/wp-content\/uploads\/2018\/05\/logo-couturi\u00e8res-1018x1024.jpg 1018w, https:\/\/www.abram.lu\/wp-content\/uploads\/2018\/05\/logo-couturi\u00e8res.jpg 1297w\" sizes=\"(max-width: 80px) 100vw, 80px\" \/>\t\t\t\t\t\t\t\t<\/a>\n\t\t\t\t\t\t\t\t\t\t\t\t\t\t\t<\/div>\n\t\t\t\t<\/div>\n\t\t\t\t\t<\/div>\n\t\t<\/div>\n\t\t\t\t<div class=\"elementor-column elementor-col-66 elementor-top-column elementor-element elementor-element-3d55339a\" data-id=\"3d55339a\" data-element_type=\"column\" data-e-type=\"column\">\n\t\t\t<div class=\"elementor-widget-wrap elementor-element-populated\">\n\t\t\t\t\t\t<div class=\"elementor-element elementor-element-1fe4ff0 elementor-widget elementor-widget-text-editor\" data-id=\"1fe4ff0\" data-element_type=\"widget\" data-e-type=\"widget\" data-widget_type=\"text-editor.default\">\n\t\t\t\t<div class=\"elementor-widget-container\">\n\t\t\t\t\t\t\t\t\t<h4><strong>Schneiderinen aus eine bessere Welt<\/strong><\/h4>\nDas Projekt Costurando um mondo melhor liegt im Rahmen von nachhaltiger Entwicklung und fairem Handel. Seine Ziele sind es eine Produktionsgenossenschaft und eine dauerhafte Schule f\u00fcr Schneiderinnen zu schaffen. <a href=\"https:\/\/www.abram.lu\/de\/projects-de\/dressmakers-of-a-better-world-de\/\">Weiter lesen<\/a>\t\t\t\t\t\t\t\t<\/div>\n\t\t\t\t<\/div>\n\t\t\t\t\t<\/div>\n\t\t<\/div>\n\t\t\t\t\t<\/div>\n\t\t<\/section>\n\t\t\t\t<\/div>\n\t\t","protected":false},"excerpt":{"rendered":"<p>Semeando samen der Hoffnung Semeando ist ein Projekt, das unmittelbar gegen die Hungersnot und die \u00e4u\u00dferste Armut eingreift. In diesem Projekt st\u00e4dtischer Landwirtschaft sind durch die direkt beteiligten 15 Familien [&hellip;]<\/p>\n","protected":false},"author":1,"featured_media":0,"parent":0,"menu_order":0,"comment_status":"closed","ping_status":"closed","template":"","meta":{"footnotes":""},"class_list":["post-2392","page","type-page","status-publish","hentry"],"_links":{"self":[{"href":"https:\/\/www.abram.lu\/de\/wp-json\/wp\/v2\/pages\/2392","targetHints":{"allow":["GET"]}}],"collection":[{"href":"https:\/\/www.abram.lu\/de\/wp-json\/wp\/v2\/pages"}],"about":[{"href":"https:\/\/www.abram.lu\/de\/wp-json\/wp\/v2\/types\/page"}],"author":[{"embeddable":true,"href":"https:\/\/www.abram.lu\/de\/wp-json\/wp\/v2\/users\/1"}],"replies":[{"embeddable":true,"href":"https:\/\/www.abram.lu\/de\/wp-json\/wp\/v2\/comments?post=2392"}],"version-history":[{"count":22,"href":"https:\/\/www.abram.lu\/de\/wp-json\/wp\/v2\/pages\/2392\/revisions"}],"predecessor-version":[{"id":3644,"href":"https:\/\/www.abram.lu\/de\/wp-json\/wp\/v2\/pages\/2392\/revisions\/3644"}],"wp:attachment":[{"href":"https:\/\/www.abram.lu\/de\/wp-json\/wp\/v2\/media?parent=2392"}],"curies":[{"name":"wp","href":"https:\/\/api.w.org\/{rel}","templated":true}]}}