{"id":2398,"date":"2018-01-17T13:43:58","date_gmt":"2018-01-17T13:43:58","guid":{"rendered":"http:\/\/192.168.0.2\/wpml\/?page_id=2398"},"modified":"2019-03-21T20:58:51","modified_gmt":"2019-03-21T19:58:51","slug":"semeando-de","status":"publish","type":"page","link":"https:\/\/www.abram.lu\/de\/projects-de\/semeando-de\/","title":{"rendered":"Semeando DE"},"content":{"rendered":"\t\t<div data-elementor-type=\"wp-post\" data-elementor-id=\"2398\" class=\"elementor elementor-2398\">\n\t\t\t\t\t\t<section class=\"elementor-section elementor-top-section elementor-element elementor-element-39e07d71 elementor-section-boxed elementor-section-height-default elementor-section-height-default\" data-id=\"39e07d71\" data-element_type=\"section\" data-e-type=\"section\">\n\t\t\t\t\t\t<div class=\"elementor-container elementor-column-gap-default\">\n\t\t\t\t\t<div class=\"elementor-column elementor-col-100 elementor-top-column elementor-element elementor-element-1223cf20\" data-id=\"1223cf20\" data-element_type=\"column\" data-e-type=\"column\">\n\t\t\t<div class=\"elementor-widget-wrap elementor-element-populated\">\n\t\t\t\t\t\t<div class=\"elementor-element elementor-element-520502c0 elementor-arrows-position-inside elementor-pagination-position-outside elementor-widget elementor-widget-image-carousel\" data-id=\"520502c0\" data-element_type=\"widget\" data-e-type=\"widget\" data-settings=\"{&quot;slides_to_show&quot;:&quot;5&quot;,&quot;pause_on_hover&quot;:&quot;no&quot;,&quot;autoplay_speed&quot;:2500,&quot;navigation&quot;:&quot;both&quot;,&quot;autoplay&quot;:&quot;yes&quot;,&quot;pause_on_interaction&quot;:&quot;yes&quot;,&quot;infinite&quot;:&quot;yes&quot;,&quot;speed&quot;:500}\" data-widget_type=\"image-carousel.default\">\n\t\t\t\t<div class=\"elementor-widget-container\">\n\t\t\t\t\t\t\t<div class=\"elementor-image-carousel-wrapper swiper\" role=\"region\" aria-roledescription=\"carousel\" aria-label=\"Bild Karussell\" dir=\"ltr\">\n\t\t\t<div class=\"elementor-image-carousel swiper-wrapper\" aria-live=\"off\">\n\t\t\t\t\t\t\t\t<div class=\"swiper-slide\" role=\"group\" aria-roledescription=\"slide\" aria-label=\"1 von 14\"><figure class=\"swiper-slide-inner\"><img decoding=\"async\" class=\"swiper-slide-image\" src=\"https:\/\/www.abram.lu\/wp-content\/uploads\/2019\/03\/IMG-20180818-WA0000-150x150.jpg\" alt=\"Semeando 2019\/2020\" \/><\/figure><\/div><div class=\"swiper-slide\" role=\"group\" aria-roledescription=\"slide\" aria-label=\"2 von 14\"><figure class=\"swiper-slide-inner\"><img decoding=\"async\" class=\"swiper-slide-image\" src=\"https:\/\/www.abram.lu\/wp-content\/uploads\/2019\/03\/IMG-20180818-WA0001-150x150.jpg\" alt=\"Semeando 2019\/2020\" \/><\/figure><\/div><div class=\"swiper-slide\" role=\"group\" aria-roledescription=\"slide\" aria-label=\"3 von 14\"><figure class=\"swiper-slide-inner\"><img decoding=\"async\" class=\"swiper-slide-image\" src=\"https:\/\/www.abram.lu\/wp-content\/uploads\/2019\/03\/IMG-20180818-WA0002-150x150.jpg\" alt=\"Piodoki 2016\" \/><\/figure><\/div><div class=\"swiper-slide\" role=\"group\" aria-roledescription=\"slide\" aria-label=\"4 von 14\"><figure class=\"swiper-slide-inner\"><img decoding=\"async\" class=\"swiper-slide-image\" src=\"https:\/\/www.abram.lu\/wp-content\/uploads\/2019\/03\/IMG-20180818-WA0003-150x150.jpg\" alt=\"IMG-20180818-WA0003\" \/><\/figure><\/div><div class=\"swiper-slide\" role=\"group\" aria-roledescription=\"slide\" aria-label=\"5 von 14\"><figure class=\"swiper-slide-inner\"><img decoding=\"async\" class=\"swiper-slide-image\" src=\"https:\/\/www.abram.lu\/wp-content\/uploads\/2019\/03\/IMG-20180818-WA0004-150x150.jpg\" alt=\"Piodoki 2016\" \/><\/figure><\/div><div class=\"swiper-slide\" role=\"group\" aria-roledescription=\"slide\" aria-label=\"6 von 14\"><figure class=\"swiper-slide-inner\"><img decoding=\"async\" class=\"swiper-slide-image\" src=\"https:\/\/www.abram.lu\/wp-content\/uploads\/2019\/03\/IMG-20180818-WA0005-150x150.jpg\" alt=\"Semeando 2019\/2020\" \/><\/figure><\/div><div class=\"swiper-slide\" role=\"group\" aria-roledescription=\"slide\" aria-label=\"7 von 14\"><figure class=\"swiper-slide-inner\"><img decoding=\"async\" class=\"swiper-slide-image\" src=\"https:\/\/www.abram.lu\/wp-content\/uploads\/2019\/03\/IMG-20180818-WA0006-150x150.jpg\" alt=\"IMG-20180818-WA0006\" \/><\/figure><\/div><div class=\"swiper-slide\" role=\"group\" aria-roledescription=\"slide\" aria-label=\"8 von 14\"><figure class=\"swiper-slide-inner\"><img decoding=\"async\" class=\"swiper-slide-image\" src=\"https:\/\/www.abram.lu\/wp-content\/uploads\/2019\/03\/IMG-20180818-WA0007-150x150.jpg\" alt=\"Semeando 2019\/2020\" \/><\/figure><\/div><div class=\"swiper-slide\" role=\"group\" aria-roledescription=\"slide\" aria-label=\"9 von 14\"><figure class=\"swiper-slide-inner\"><img decoding=\"async\" class=\"swiper-slide-image\" src=\"https:\/\/www.abram.lu\/wp-content\/uploads\/2019\/03\/IMG-20180818-WA0008-150x150.jpg\" alt=\"Semeando 2019\/2020\" \/><\/figure><\/div><div class=\"swiper-slide\" role=\"group\" aria-roledescription=\"slide\" aria-label=\"10 von 14\"><figure class=\"swiper-slide-inner\"><img decoding=\"async\" class=\"swiper-slide-image\" src=\"https:\/\/www.abram.lu\/wp-content\/uploads\/2018\/05\/semeando-widget-150x150.jpg\" alt=\"semeando-widget\" \/><\/figure><\/div><div class=\"swiper-slide\" role=\"group\" aria-roledescription=\"slide\" aria-label=\"11 von 14\"><figure class=\"swiper-slide-inner\"><img decoding=\"async\" class=\"swiper-slide-image\" src=\"https:\/\/www.abram.lu\/wp-content\/uploads\/2017\/12\/semeando3-150x150.jpg\" alt=\"semeando3\" \/><\/figure><\/div><div class=\"swiper-slide\" role=\"group\" aria-roledescription=\"slide\" aria-label=\"12 von 14\"><figure class=\"swiper-slide-inner\"><img decoding=\"async\" class=\"swiper-slide-image\" src=\"https:\/\/www.abram.lu\/wp-content\/uploads\/2017\/12\/semeando4-150x150.jpg\" alt=\"semeando4\" \/><\/figure><\/div><div class=\"swiper-slide\" role=\"group\" aria-roledescription=\"slide\" aria-label=\"13 von 14\"><figure class=\"swiper-slide-inner\"><img decoding=\"async\" class=\"swiper-slide-image\" src=\"https:\/\/www.abram.lu\/wp-content\/uploads\/2017\/12\/semeando5-150x150.jpg\" alt=\"semeando5\" \/><\/figure><\/div><div class=\"swiper-slide\" role=\"group\" aria-roledescription=\"slide\" aria-label=\"14 von 14\"><figure class=\"swiper-slide-inner\"><img decoding=\"async\" class=\"swiper-slide-image\" src=\"https:\/\/www.abram.lu\/wp-content\/uploads\/2017\/12\/semeando7-150x150.jpg\" alt=\"semeando7\" \/><\/figure><\/div>\t\t\t<\/div>\n\t\t\t\t\t\t\t\t\t\t\t\t<div class=\"elementor-swiper-button elementor-swiper-button-prev\" role=\"button\" tabindex=\"0\">\n\t\t\t\t\t\t<i aria-hidden=\"true\" class=\"eicon-chevron-left\"><\/i>\t\t\t\t\t<\/div>\n\t\t\t\t\t<div class=\"elementor-swiper-button elementor-swiper-button-next\" role=\"button\" tabindex=\"0\">\n\t\t\t\t\t\t<i aria-hidden=\"true\" class=\"eicon-chevron-right\"><\/i>\t\t\t\t\t<\/div>\n\t\t\t\t\n\t\t\t\t\t\t\t\t\t<div class=\"swiper-pagination\"><\/div>\n\t\t\t\t\t\t\t\t\t<\/div>\n\t\t\t\t\t\t<\/div>\n\t\t\t\t<\/div>\n\t\t\t\t\t<\/div>\n\t\t<\/div>\n\t\t\t\t\t<\/div>\n\t\t<\/section>\n\t\t\t\t<section class=\"elementor-section elementor-top-section elementor-element elementor-element-586ff8b8 elementor-section-boxed elementor-section-height-default elementor-section-height-default\" data-id=\"586ff8b8\" data-element_type=\"section\" data-e-type=\"section\">\n\t\t\t\t\t\t<div class=\"elementor-container elementor-column-gap-default\">\n\t\t\t\t\t<div class=\"elementor-column elementor-col-100 elementor-top-column elementor-element elementor-element-435a56d1\" data-id=\"435a56d1\" data-element_type=\"column\" data-e-type=\"column\">\n\t\t\t<div class=\"elementor-widget-wrap elementor-element-populated\">\n\t\t\t\t\t\t<div class=\"elementor-element elementor-element-5f272eaa elementor-widget elementor-widget-heading\" data-id=\"5f272eaa\" data-element_type=\"widget\" data-e-type=\"widget\" data-widget_type=\"heading.default\">\n\t\t\t\t<div class=\"elementor-widget-container\">\n\t\t\t\t\t<h2 class=\"elementor-heading-title elementor-size-default\">SEMEANDO SAMEN DER HOFFNUNG<\/h2>\t\t\t\t<\/div>\n\t\t\t\t<\/div>\n\t\t\t\t\t<\/div>\n\t\t<\/div>\n\t\t\t\t\t<\/div>\n\t\t<\/section>\n\t\t\t\t<section class=\"elementor-section elementor-top-section elementor-element elementor-element-aeccd07 elementor-section-boxed elementor-section-height-default elementor-section-height-default\" data-id=\"aeccd07\" data-element_type=\"section\" data-e-type=\"section\">\n\t\t\t\t\t\t<div class=\"elementor-container elementor-column-gap-default\">\n\t\t\t\t\t<div class=\"elementor-column elementor-col-33 elementor-top-column elementor-element elementor-element-07f3be0\" data-id=\"07f3be0\" data-element_type=\"column\" data-e-type=\"column\">\n\t\t\t<div class=\"elementor-widget-wrap elementor-element-populated\">\n\t\t\t\t\t\t<div class=\"elementor-element elementor-element-2d72aa9c elementor-widget elementor-widget-text-editor\" data-id=\"2d72aa9c\" data-element_type=\"widget\" data-e-type=\"widget\" data-widget_type=\"text-editor.default\">\n\t\t\t\t<div class=\"elementor-widget-container\">\n\t\t\t\t\t\t\t\t\t<p align=\"justify\">Semeando ist ein Projekt, das unmittelbar gegen die Hungersnot und die \u00e4u\u00dferste Armut eingreift. In diesem Projekt st\u00e4dtischer Landwirtschaft sind durch die direkt beteiligten 15 Familien ungef\u00e4hr 200 Personen betroffen. Diese Familien leben im Herzen des am meisten benachteiligten Viertels der Stadt Cavalcante, im Nordosten des brasilianischen Staates Goias, ungef\u00e4hr 320 Kilometer n\u00f6rdlich der Hauptstadt Brasilia.<\/p><p align=\"justify\">Gem\u00e4\u00df einer Studie (2013) des Instituto de Pesquisa Econ\u00f4mica Aplicada (Institut f\u00fcr Forschung in angewandter Wirtschaftswissenschaft), befindet sich die Stadt Cavalcante an letzter Stelle der Skala des Indexes f\u00fcr menschliche und st\u00e4dtische Entwicklung des Staates Goi\u00e1s.<\/p><h4 align=\"center\"><b>Eine gesundheitliche Notlage.<\/b><\/h4><p align=\"justify\">Infolge der k\u00fcrzlich aufgetretenen politischen Unruhen, die Brasilien ersch\u00fcttert haben und es immer noch ersch\u00fcttern, haben die Einwohner, denen es am schlechtesten geht, die staatliche Unterst\u00fctzung verloren, auf die sie Anfang 2016 noch z\u00e4hlen konnten. Diese Menschen leben in dem \u00e4u\u00dferst armen Gebiet, das unter dem ber\u00fcchtigten Namen \u00ab Korridor des Elends \u00bb bekannt ist.<\/p><p align=\"justify\">Mitglieder von Abram haben sich in dem Gebiet aufgehalten und die Einwohner besucht. Sie haben festgestellt, dass viele Familien sich in gr\u00f6\u00dfter Not befinden. Diese Familien bestehen meistens aus alleinerziehenden M\u00fcttern oder V\u00e4tern, mit manchmal bis zu 6 Kindern. Einige dieser Kinder haben ernsthafte gesundheitliche Probleme, wie Missbildungen der Z\u00e4hne, An\u00e4mie, chronische Krankheiten, Allergien und angeborene Krankheiten.<\/p><p align=\"justify\">In den meisten F\u00e4llen, tragen die mangelhafte Ern\u00e4hrung und die schlechten Lebensbedingungen zu diesen Missst\u00e4nden bei. Sie haben weder flie\u00dfendes Wasser, noch Strom, weil sie die Rechnungen nicht zahlen k\u00f6nnen. Angemessene hygienische Bedingungen fehlen. Das Schicksal dieser kranken und mangelhaft ern\u00e4hrten Kinder ist traurig und inakzeptabel.<\/p><h4 align=\"center\"><b>Das \u00dcberleben einer Gemeinschaft<\/b><\/h4><p align=\"justify\">Das Projekt Semeando ist aus der unfassbaren Tatsache entstanden, dass wenn nichts getan wird, diese Familien nicht \u00fcberleben werden. Mit der Schaffung eines Gem\u00fcsegartens werden die Teilnehmer schon nach 30 Tagen anfangen k\u00f6nnen zu ernten, um ihren Lebensunterhalt und ihre W\u00fcrde wiederzugewinnen. Mit der Gewissheit einer stabilen Struktur, kann nach einem Jahr Autonomie die Nachhaltigkeit des Projektes gut fortbestehen.<\/p><h4 align=\"center\"><b>Direkter Eingriff<\/b><\/h4><p align=\"justify\">In Beeten und Gr\u00fcnstreifen werden sich sowohl Gem\u00fcse und H\u00fclsenfr\u00fcchte als auch Kr\u00e4uter und Heilpflanzen entfalten k\u00f6nnen, die zun\u00e4chst f\u00fcr die Ern\u00e4hrung der Teilnehmer und ihrer Familien dienen sollen. Damit das Project tats\u00e4chlich eine Auswirkung auf ihre Ern\u00e4hrung hat, werden die Teilnehmer an einem monatlichen Workshop teilnehmen, der von einem Ern\u00e4hrungsfachmann geleitet wird. So werden sie die M\u00f6glichkeit haben ihre Essgewohnheiten wirklich zu \u00e4ndern und das, was sie ernten vollkommen zu verwerten.<\/p><h4 align=\"center\"><b>Einf\u00fchrung in die Kompostierung<\/b><\/h4><p align=\"justify\">Das Projekt sieht auch einen Einf\u00fchrungskurs in die Abfallbehandlung vor, ein Kriterium, das von den Teilnehmern erf\u00fcllt werden muss. So sollen alle organischen Abf\u00e4lle durch Kompostierungstechniken in D\u00fcnger verwandelt werden.<\/p><p align=\"justify\">Beim n\u00e4chsten Schritt, werden die 15 Familien, mit Hilfe eines Beraters kleiner Unternehmen, den Zugang zu einem Stand auf dem w\u00f6chentlichen Markt erhalten. Dieses wird eine kleine Erg\u00e4nzung zum Familieneinkommen bringen k\u00f6nnen und sie motivieren, sich konkret mehr um ihre wachsende Selbstst\u00e4ndigkeit zu bem\u00fchen. Das Projekt sieht vor, dass das gesamte Material geliefert wird das notwendig ist, um jeden einzelnen Gem\u00fcsegarten zu strukturieren. Der notwendige Wasserbedarf wird gedeckt sein und auch der Stand f\u00fcr den Wochenmarkt wird ausger\u00fcstet sein.<\/p>\t\t\t\t\t\t\t\t<\/div>\n\t\t\t\t<\/div>\n\t\t\t\t\t<\/div>\n\t\t<\/div>\n\t\t\t\t<div class=\"elementor-column elementor-col-33 elementor-top-column elementor-element elementor-element-f35ca1a\" data-id=\"f35ca1a\" data-element_type=\"column\" data-e-type=\"column\">\n\t\t\t<div class=\"elementor-widget-wrap\">\n\t\t\t\t\t\t\t<\/div>\n\t\t<\/div>\n\t\t\t\t<div class=\"elementor-column elementor-col-33 elementor-top-column elementor-element elementor-element-ecbbea2\" data-id=\"ecbbea2\" data-element_type=\"column\" data-e-type=\"column\">\n\t\t\t<div class=\"elementor-widget-wrap elementor-element-populated\">\n\t\t\t\t\t\t<div class=\"elementor-element elementor-element-10b9d0dd elementor-widget elementor-widget-text-editor\" data-id=\"10b9d0dd\" data-element_type=\"widget\" data-e-type=\"widget\" data-widget_type=\"text-editor.default\">\n\t\t\t\t<div class=\"elementor-widget-container\">\n\t\t\t\t\t\t\t\t\t<p align=\"justify\">Diese komplex zusammenh\u00e4ngende Reihe von einfachen und unterschiedlichen Aktivit\u00e4ten erm\u00f6glicht auch eine soziale Aktivit\u00e4t, denn auf dem Markt k\u00f6nnen Kontakte entstehen f\u00fcr diese Personen, die sehr oft in sich verschlossen sind. Es sind oft sehr ungl\u00fcckliche Menschen, die sich sch\u00e4men, aus dem Haus zu gehen. Die Liste mit Familien, die gerne an dem Projekt teilnehmen m\u00f6chten, ist sehr lang, aber es gibt im Augenblick nur Platz f\u00fcr einige Familien und zwar die, die am meisten Hilfe brauchen.<\/p><p align=\"justify\">Die Teilnehmer m\u00fcssen einen Basisvertrag unterzeichnen, der folgende Bedingungen beinhaltet:<\/p><ul><li><p style=\"margin-bottom: 0in;\" align=\"justify\">Sie verpflichten sich mit ihrer Familie zum biologischen Anbau (ohne Insektizide, ohne Pestizide, ohne Herbizide und ohne GVO)<\/p><\/li><li><p style=\"margin-bottom: 0in;\" align=\"justify\">Sie akzeptieren einmal in der Woche ihre Ernte auf dem Markt zu verkaufen<\/p><\/li><li><p style=\"margin-bottom: 0in;\" align=\"justify\">Sie verpflichten sich p\u00fcnktlich ihre Wasserrechnung zu zahlen<\/p><\/li><li><p style=\"margin-bottom: 0in;\" align=\"justify\">Sie m\u00fcssen an einem Kochkurs teilnehmen<\/p><\/li><li><p align=\"justify\">Wenn der Agronom sie besuchen kommt, m\u00fcssen sie anwesend sein<\/p><\/li><\/ul><p align=\"justify\">Wenn sie diese Bedingungen nicht respektieren, m\u00fcssen sie ihren Platz einer anderen Familie \u00fcberlassen. Der Agronom, der vor Ort f\u00fcr das Projekt verantwortlich ist, wird das Projekt genau verfolgen und einmal in der Woche bei jeder Familie vorbeigehen. Er wird einen monatlichen, individuellen Bericht f\u00fcr jede Familie erstellen, damit das Projekt sich jeder Lage anpassen kann.<\/p><h4 align=\"center\"><b>Selbst\u00e4ndigkeit und Weitergang<\/b><\/h4><p align=\"justify\">Ein Jahr lang haben diese Familien die M\u00f6glichkeit, sich selbst\u00e4ndig zu machen, um dann anderen Familien den Platz zu lassen. Wenn das Projekt nach einem Jahr Erfolg hat, k\u00f6nnen wir es auf mehr Familien erweitern. Wir sind vielleicht Tr\u00e4umer aber es w\u00e4re wunderbar, wenn der ganze Stadtteil \u00ab\u00a0Novo Horizonte\u00a0\u00bb wieder gr\u00fcnen w\u00fcrde!<\/p><p align=\"justify\">Es ist ein einfaches und vollkommenes Projekt. Es ist nachhaltig und erm\u00f6glicht die Selbstversorgung Familien in Not, denn nach einem Monat, dank der Sonne, ist die Ernte m\u00f6glich. Dies ist in tropischen Breitengraden das ganze Jahr lang m\u00f6glich, denn die Temperaturen sinken nicht unter 10 Grad Celsius.<\/p><p align=\"justify\">Die Einf\u00fchrungsphase bedeutet: die Erde vorzubereiten, die Planen zu installieren, eine Wasserzisterne in jedem Garten aufzubauen, die G\u00e4rten einzuz\u00e4unen, um das Eindringen von Menschen oder Tieren zu vermeiden.<\/p><h4 align=\"center\"><b>Au\u00dferhalb des Stadtviertels, ein Biome<\/b><\/h4><p align=\"justify\">Die Stadt Cavalcante, wo das Projekt durchgef\u00fchrt werden soll, befindet sich in einem Natur- und V\u00f6lkerschutzgebiet. Es handelt sich um ein einzigartiges Volk, das sich dort seit mehreren Jahrhunderten befindet. Die Einwohner, ungef\u00e4hr zehntausend Personen, sind die W\u00e4chter dieser wichtigen Region, die von Kennern als \u201eHeiligtum\u201c unter den Naturschutzgebieten betrachtet wird. Diese Region hat eine zentrale Bedeutung f\u00fcr den Klimaschutz Brasiliens, Lateinamerikas und der Welt. Wenn diese einzigartige Savanne nicht gesch\u00fctzt wird, wird sie verschwinden und dann wird es sehr schnell gehen, dass auch der Regenwald Amazonas verschwindet. Es sind zwei gro\u00dfe Biome, die eng miteinander verbunden sind, denn der eine k\u00f6nnte nicht ohne den anderen existieren.<br \/>Ein \u00d6kosystem sch\u00fctzen bedeutet, sich um alle seine Teile zu k\u00fcmmern: seine Flora und seine Fauna. Der menschliche Faktor muss als erster ber\u00fccksichtigt werden. Einer Bev\u00f6lkerung bew\u00e4hrte Praktiken im Bereich der Landwirtschaft, der Ern\u00e4hrung und der Abfallbehandlung beizubringen, ist eine edle, hoffnungstragende und zukunftsweisende Aufgabe.<\/p>\t\t\t\t\t\t\t\t<\/div>\n\t\t\t\t<\/div>\n\t\t\t\t\t<\/div>\n\t\t<\/div>\n\t\t\t\t\t<\/div>\n\t\t<\/section>\n\t\t\t\t<section class=\"elementor-section elementor-top-section elementor-element elementor-element-2312f1a elementor-section-boxed elementor-section-height-default elementor-section-height-default\" data-id=\"2312f1a\" data-element_type=\"section\" data-e-type=\"section\">\n\t\t\t\t\t\t<div class=\"elementor-container elementor-column-gap-default\">\n\t\t\t\t\t<div class=\"elementor-column elementor-col-33 elementor-top-column elementor-element elementor-element-b4e1bf2\" data-id=\"b4e1bf2\" data-element_type=\"column\" data-e-type=\"column\">\n\t\t\t<div class=\"elementor-widget-wrap\">\n\t\t\t\t\t\t\t<\/div>\n\t\t<\/div>\n\t\t\t\t<div class=\"elementor-column elementor-col-33 elementor-top-column elementor-element elementor-element-475cca7\" data-id=\"475cca7\" data-element_type=\"column\" data-e-type=\"column\">\n\t\t\t<div class=\"elementor-widget-wrap elementor-element-populated\">\n\t\t\t\t\t\t<div class=\"elementor-element elementor-element-0290332 elementor-widget elementor-widget-image\" data-id=\"0290332\" data-element_type=\"widget\" data-e-type=\"widget\" data-widget_type=\"image.default\">\n\t\t\t\t<div class=\"elementor-widget-container\">\n\t\t\t\t\t\t\t\t\t\t\t\t\t\t\t\t<a href=\"http:\/\/www.aresto.lu\/\">\n\t\t\t\t\t\t\t<img decoding=\"async\" width=\"241\" height=\"143\" src=\"https:\/\/www.abram.lu\/wp-content\/uploads\/2018\/07\/Good-Aresto-1.jpg\" class=\"attachment-large size-large wp-image-3734\" alt=\"\" srcset=\"https:\/\/www.abram.lu\/wp-content\/uploads\/2018\/07\/Good-Aresto-1.jpg 241w, https:\/\/www.abram.lu\/wp-content\/uploads\/2018\/07\/Good-Aresto-1-150x89.jpg 150w\" sizes=\"(max-width: 241px) 100vw, 241px\" \/>\t\t\t\t\t\t\t\t<\/a>\n\t\t\t\t\t\t\t\t\t\t\t\t\t\t\t<\/div>\n\t\t\t\t<\/div>\n\t\t\t\t\t<\/div>\n\t\t<\/div>\n\t\t\t\t<div class=\"elementor-column elementor-col-33 elementor-top-column elementor-element elementor-element-2c23db5\" data-id=\"2c23db5\" data-element_type=\"column\" data-e-type=\"column\">\n\t\t\t<div class=\"elementor-widget-wrap\">\n\t\t\t\t\t\t\t<\/div>\n\t\t<\/div>\n\t\t\t\t\t<\/div>\n\t\t<\/section>\n\t\t\t\t<\/div>\n\t\t","protected":false},"excerpt":{"rendered":"<p>SEMEANDO SAMEN DER HOFFNUNG Semeando ist ein Projekt, das unmittelbar gegen die Hungersnot und die \u00e4u\u00dferste Armut eingreift. In diesem Projekt st\u00e4dtischer Landwirtschaft sind durch die direkt beteiligten 15 Familien [&hellip;]<\/p>\n","protected":false},"author":1,"featured_media":0,"parent":2392,"menu_order":0,"comment_status":"closed","ping_status":"closed","template":"","meta":{"footnotes":""},"class_list":["post-2398","page","type-page","status-publish","hentry"],"_links":{"self":[{"href":"https:\/\/www.abram.lu\/de\/wp-json\/wp\/v2\/pages\/2398","targetHints":{"allow":["GET"]}}],"collection":[{"href":"https:\/\/www.abram.lu\/de\/wp-json\/wp\/v2\/pages"}],"about":[{"href":"https:\/\/www.abram.lu\/de\/wp-json\/wp\/v2\/types\/page"}],"author":[{"embeddable":true,"href":"https:\/\/www.abram.lu\/de\/wp-json\/wp\/v2\/users\/1"}],"replies":[{"embeddable":true,"href":"https:\/\/www.abram.lu\/de\/wp-json\/wp\/v2\/comments?post=2398"}],"version-history":[{"count":19,"href":"https:\/\/www.abram.lu\/de\/wp-json\/wp\/v2\/pages\/2398\/revisions"}],"predecessor-version":[{"id":3921,"href":"https:\/\/www.abram.lu\/de\/wp-json\/wp\/v2\/pages\/2398\/revisions\/3921"}],"up":[{"embeddable":true,"href":"https:\/\/www.abram.lu\/de\/wp-json\/wp\/v2\/pages\/2392"}],"wp:attachment":[{"href":"https:\/\/www.abram.lu\/de\/wp-json\/wp\/v2\/media?parent=2398"}],"curies":[{"name":"wp","href":"https:\/\/api.w.org\/{rel}","templated":true}]}}