{"id":2454,"date":"2018-01-17T15:38:11","date_gmt":"2018-01-17T15:38:11","guid":{"rendered":"http:\/\/192.168.0.2\/wpml\/?page_id=2454"},"modified":"2018-05-31T15:48:30","modified_gmt":"2018-05-31T15:48:30","slug":"how-to-help-us-de","status":"publish","type":"page","link":"https:\/\/www.abram.lu\/de\/how-to-help-us-de\/","title":{"rendered":"How to help us DE"},"content":{"rendered":"\t\t<div data-elementor-type=\"wp-post\" data-elementor-id=\"2454\" class=\"elementor elementor-2454 elementor-bc-flex-widget\">\n\t\t\t\t\t\t<section class=\"elementor-section elementor-top-section elementor-element elementor-element-77788fb8 elementor-section-boxed elementor-section-height-default elementor-section-height-default\" data-id=\"77788fb8\" data-element_type=\"section\" data-e-type=\"section\">\n\t\t\t\t\t\t<div class=\"elementor-container elementor-column-gap-default\">\n\t\t\t\t\t<div class=\"elementor-column elementor-col-100 elementor-top-column elementor-element elementor-element-478d355\" data-id=\"478d355\" data-element_type=\"column\" data-e-type=\"column\">\n\t\t\t<div class=\"elementor-widget-wrap elementor-element-populated\">\n\t\t\t\t\t\t<div class=\"elementor-element elementor-element-6eb24201 elementor-widget elementor-widget-text-editor\" data-id=\"6eb24201\" data-element_type=\"widget\" data-e-type=\"widget\" data-widget_type=\"text-editor.default\">\n\t\t\t\t<div class=\"elementor-widget-container\">\n\t\t\t\t\t\t\t\t\t<p style=\"text-align: justify;\">Auf welcher Art auch immer Sie es w\u00fcnschen sich zu beteiligen, um die Umsetzung unserer Projekte zu unterst\u00fctzen, sind wir Ihnen jetzt schon dankbar wenn Sie:<\/p>\n<ul>\n \t<li>\n<p style=\"margin-bottom: 0in;\" align=\"justify\">Uns Ihre Bemerkungen, Ihre Ideen oder n\u00fctzliche Kontakte \u00fcber <a href=\"https:\/\/www.abram.lu\/de\/blog-de-2\/\">den Blog<\/a> mitteilen wollen, um eines <a href=\"https:\/\/www.abram.lu\/de\/projects-de\/\">unsere Projekte<\/a> zu unterst\u00fctzen.<\/p>\n<\/li>\n \t<li>Uns eine Spende \u00fcber <a href=\"https:\/\/www.abram.lu\/de\/give-de\/\">Paypal<\/a> oder unser <a href=\"https:\/\/www.abram.lu\/who-we-are-de\/#bank-accounts\">Bankkonto<\/a> machen m\u00f6chten.<\/li>\n \t<li>\n<p style=\"margin-bottom: 0in;\" align=\"justify\">Unsere Kleider kaufen m\u00f6chten, die bei dem Projekt <a href=\"https:\/\/www.abram.lu\/de\/projects-de\/dressmakers-of-a-better-world-de\/\">Costurando um mundo melhor<\/a> hergestellt worden sind und in unserem <a href=\"https:\/\/www.abram.lu\/de\/under-construction-de\/\">Online-Shop<\/a> zu finden sind.<\/p>\n<\/li>\n \t<li>\n<p style=\"margin-bottom: 0in;\" align=\"justify\"><a href=\"https:\/\/www.abram.lu\/de\/member-de\/\">Mitglied von Abram<\/a> werden m\u00f6chten. Sie werden dann zu unserer j\u00e4hrlichen Mitgliederversammlung und zu anderen Besprechungen eingeladen. Der j\u00e4hrliche Mitgliedsbeitrag betr\u00e4gt 15,- \u20ac und ist auf <a href=\"https:\/\/www.abram.lu\/who-we-are-de\/#bank-accounts\">unser Konto<\/a> zu \u00fcberweisen. Die Beitr\u00e4ge dienen, zus\u00e4tzlich dazu, unsere Betriebskosten zu decken, auch <a href=\"https:\/\/www.abram.lu\/de\/projects-de\/\">unsere Projekte<\/a> zu finanzieren.<\/p>\n<\/li>\n \t<li>\n<p style=\"margin-bottom: 0in;\" align=\"justify\">Uns Veranstaltungen vorschlagen m\u00f6chten, die uns bekannter machen oder <a href=\"https:\/\/www.abram.lu\/de\/projects-de\/\">unsere Projekte<\/a> finanzieren k\u00f6nnen.<\/p>\n<\/li>\n \t<li>\n<p align=\"justify\">Dazu beitragen m\u00f6chten unseren Bekanntheitsgrad in den <a href=\"https:\/\/www.facebook.com\/abram.asbl\/\">sozialen Netzen<\/a>zu erweitern.<\/p>\n<\/li>\n<\/ul>\t\t\t\t\t\t\t\t<\/div>\n\t\t\t\t<\/div>\n\t\t\t\t\t<\/div>\n\t\t<\/div>\n\t\t\t\t\t<\/div>\n\t\t<\/section>\n\t\t\t\t<\/div>\n\t\t","protected":false},"excerpt":{"rendered":"<p>Auf welcher Art auch immer Sie es w\u00fcnschen sich zu beteiligen, um die Umsetzung unserer Projekte zu unterst\u00fctzen, sind wir Ihnen jetzt schon dankbar wenn Sie: Uns Ihre Bemerkungen, Ihre [&hellip;]<\/p>\n","protected":false},"author":1,"featured_media":0,"parent":0,"menu_order":0,"comment_status":"closed","ping_status":"closed","template":"","meta":{"footnotes":""},"class_list":["post-2454","page","type-page","status-publish","hentry"],"_links":{"self":[{"href":"https:\/\/www.abram.lu\/de\/wp-json\/wp\/v2\/pages\/2454","targetHints":{"allow":["GET"]}}],"collection":[{"href":"https:\/\/www.abram.lu\/de\/wp-json\/wp\/v2\/pages"}],"about":[{"href":"https:\/\/www.abram.lu\/de\/wp-json\/wp\/v2\/types\/page"}],"author":[{"embeddable":true,"href":"https:\/\/www.abram.lu\/de\/wp-json\/wp\/v2\/users\/1"}],"replies":[{"embeddable":true,"href":"https:\/\/www.abram.lu\/de\/wp-json\/wp\/v2\/comments?post=2454"}],"version-history":[{"count":10,"href":"https:\/\/www.abram.lu\/de\/wp-json\/wp\/v2\/pages\/2454\/revisions"}],"predecessor-version":[{"id":3659,"href":"https:\/\/www.abram.lu\/de\/wp-json\/wp\/v2\/pages\/2454\/revisions\/3659"}],"wp:attachment":[{"href":"https:\/\/www.abram.lu\/de\/wp-json\/wp\/v2\/media?parent=2454"}],"curies":[{"name":"wp","href":"https:\/\/api.w.org\/{rel}","templated":true}]}}