{"id":1760,"date":"2018-01-17T13:59:24","date_gmt":"2018-01-17T13:59:24","guid":{"rendered":"http:\/\/192.168.0.2\/wpml\/?page_id=1760"},"modified":"2018-01-17T18:12:26","modified_gmt":"2018-01-17T18:12:26","slug":"dressmakers-of-a-better-world-en","status":"publish","type":"page","link":"https:\/\/www.abram.lu\/en\/projects\/dressmakers-of-a-better-world-en\/","title":{"rendered":"Dressmakers of a better world EN"},"content":{"rendered":"\t\t<div data-elementor-type=\"wp-post\" data-elementor-id=\"1760\" class=\"elementor elementor-1760 elementor-bc-flex-widget\">\n\t\t\t\t\t\t<section class=\"elementor-section elementor-top-section elementor-element elementor-element-5e4a3a89 elementor-section-boxed elementor-section-height-default elementor-section-height-default\" data-id=\"5e4a3a89\" data-element_type=\"section\" data-e-type=\"section\">\n\t\t\t\t\t\t<div class=\"elementor-container elementor-column-gap-default\">\n\t\t\t\t\t<div class=\"elementor-column elementor-col-100 elementor-top-column elementor-element elementor-element-612fc4d9\" data-id=\"612fc4d9\" data-element_type=\"column\" data-e-type=\"column\">\n\t\t\t<div class=\"elementor-widget-wrap elementor-element-populated\">\n\t\t\t\t\t\t<div class=\"elementor-element elementor-element-4a84287 elementor-arrows-position-inside elementor-pagination-position-outside elementor-widget elementor-widget-image-carousel\" data-id=\"4a84287\" data-element_type=\"widget\" data-e-type=\"widget\" data-settings=\"{&quot;slides_to_scroll&quot;:&quot;3&quot;,&quot;navigation&quot;:&quot;both&quot;,&quot;autoplay&quot;:&quot;yes&quot;,&quot;pause_on_hover&quot;:&quot;yes&quot;,&quot;pause_on_interaction&quot;:&quot;yes&quot;,&quot;autoplay_speed&quot;:5000,&quot;infinite&quot;:&quot;yes&quot;,&quot;speed&quot;:500}\" data-widget_type=\"image-carousel.default\">\n\t\t\t\t<div class=\"elementor-widget-container\">\n\t\t\t\t\t\t\t<div class=\"elementor-image-carousel-wrapper swiper\" role=\"region\" aria-roledescription=\"carousel\" aria-label=\"Image Carousel\" dir=\"ltr\">\n\t\t\t<div class=\"elementor-image-carousel swiper-wrapper\" aria-live=\"off\">\n\t\t\t\t\t\t\t\t<div class=\"swiper-slide\" role=\"group\" aria-roledescription=\"slide\" aria-label=\"1 of 20\"><figure class=\"swiper-slide-inner\"><img decoding=\"async\" class=\"swiper-slide-image\" src=\"https:\/\/www.abram.lu\/wp-content\/uploads\/2018\/01\/Couture-150x150.jpg\" alt=\"Cavalcante couture 2015\" \/><\/figure><\/div><div class=\"swiper-slide\" role=\"group\" aria-roledescription=\"slide\" aria-label=\"2 of 20\"><figure class=\"swiper-slide-inner\"><img decoding=\"async\" class=\"swiper-slide-image\" src=\"https:\/\/www.abram.lu\/wp-content\/uploads\/2018\/01\/couturi\u00e8re1.jpg\" alt=\"\" \/><\/figure><\/div><div class=\"swiper-slide\" role=\"group\" aria-roledescription=\"slide\" aria-label=\"3 of 20\"><figure class=\"swiper-slide-inner\"><img decoding=\"async\" class=\"swiper-slide-image\" src=\"https:\/\/www.abram.lu\/wp-content\/uploads\/2018\/01\/couturi\u00e8re3-150x150.png\" alt=\"Cavalcante couture 2015\" \/><\/figure><\/div><div class=\"swiper-slide\" role=\"group\" aria-roledescription=\"slide\" aria-label=\"4 of 20\"><figure class=\"swiper-slide-inner\"><img decoding=\"async\" class=\"swiper-slide-image\" src=\"https:\/\/www.abram.lu\/wp-content\/uploads\/2018\/01\/couturi\u00e8re-2-150x150.png\" alt=\"Cavalcante couture 2015\" \/><\/figure><\/div><div class=\"swiper-slide\" role=\"group\" aria-roledescription=\"slide\" aria-label=\"5 of 20\"><figure class=\"swiper-slide-inner\"><img decoding=\"async\" class=\"swiper-slide-image\" src=\"https:\/\/www.abram.lu\/wp-content\/uploads\/2018\/01\/couturi\u00e8re-10-150x150.jpg\" alt=\"Cavalcante couture 2015\" \/><\/figure><\/div><div class=\"swiper-slide\" role=\"group\" aria-roledescription=\"slide\" aria-label=\"6 of 20\"><figure class=\"swiper-slide-inner\"><img decoding=\"async\" class=\"swiper-slide-image\" src=\"https:\/\/www.abram.lu\/wp-content\/uploads\/2018\/01\/couturi\u00e8re-12-150x150.jpg\" alt=\"couturi\u00e8re-12\" \/><\/figure><\/div><div class=\"swiper-slide\" role=\"group\" aria-roledescription=\"slide\" aria-label=\"7 of 20\"><figure class=\"swiper-slide-inner\"><img decoding=\"async\" class=\"swiper-slide-image\" src=\"https:\/\/www.abram.lu\/wp-content\/uploads\/2018\/01\/couturi\u00e8re-13-150x150.jpg\" alt=\"Cavalcante couture 2015\" \/><\/figure><\/div><div class=\"swiper-slide\" role=\"group\" aria-roledescription=\"slide\" aria-label=\"8 of 20\"><figure class=\"swiper-slide-inner\"><img decoding=\"async\" class=\"swiper-slide-image\" src=\"https:\/\/www.abram.lu\/wp-content\/uploads\/2018\/01\/couturi\u00e8re-14-150x150.jpg\" alt=\"couturi\u00e8re-14\" \/><\/figure><\/div><div class=\"swiper-slide\" role=\"group\" aria-roledescription=\"slide\" aria-label=\"9 of 20\"><figure class=\"swiper-slide-inner\"><img decoding=\"async\" class=\"swiper-slide-image\" src=\"https:\/\/www.abram.lu\/wp-content\/uploads\/2018\/01\/couturi\u00e8re-15-150x150.jpg\" alt=\"couturi\u00e8re-15\" \/><\/figure><\/div><div class=\"swiper-slide\" role=\"group\" aria-roledescription=\"slide\" aria-label=\"10 of 20\"><figure class=\"swiper-slide-inner\"><img decoding=\"async\" class=\"swiper-slide-image\" src=\"https:\/\/www.abram.lu\/wp-content\/uploads\/2018\/01\/couturi\u00e8re-16-150x150.jpg\" alt=\"Cavalcante couture 2015\" \/><\/figure><\/div><div class=\"swiper-slide\" role=\"group\" aria-roledescription=\"slide\" aria-label=\"11 of 20\"><figure class=\"swiper-slide-inner\"><img decoding=\"async\" class=\"swiper-slide-image\" src=\"https:\/\/www.abram.lu\/wp-content\/uploads\/2018\/01\/couturi\u00e8re-28-150x150.jpg\" alt=\"Cavalcante couture 2015\" \/><\/figure><\/div><div class=\"swiper-slide\" role=\"group\" aria-roledescription=\"slide\" aria-label=\"12 of 20\"><figure class=\"swiper-slide-inner\"><img decoding=\"async\" class=\"swiper-slide-image\" src=\"https:\/\/www.abram.lu\/wp-content\/uploads\/2018\/01\/couturi\u00e8re-29-150x150.jpg\" alt=\"couturi\u00e8re-29\" \/><\/figure><\/div><div class=\"swiper-slide\" role=\"group\" aria-roledescription=\"slide\" aria-label=\"13 of 20\"><figure class=\"swiper-slide-inner\"><img decoding=\"async\" class=\"swiper-slide-image\" src=\"https:\/\/www.abram.lu\/wp-content\/uploads\/2018\/01\/couturi\u00e8re-30-150x150.jpg\" alt=\"couturi\u00e8re-30\" \/><\/figure><\/div><div class=\"swiper-slide\" role=\"group\" aria-roledescription=\"slide\" aria-label=\"14 of 20\"><figure class=\"swiper-slide-inner\"><img decoding=\"async\" class=\"swiper-slide-image\" src=\"https:\/\/www.abram.lu\/wp-content\/uploads\/2018\/01\/couturi\u00e8re-31-150x150.jpg\" alt=\"Cavalcante couture 2015\" \/><\/figure><\/div><div class=\"swiper-slide\" role=\"group\" aria-roledescription=\"slide\" aria-label=\"15 of 20\"><figure class=\"swiper-slide-inner\"><img decoding=\"async\" class=\"swiper-slide-image\" src=\"https:\/\/www.abram.lu\/wp-content\/uploads\/2018\/01\/couturi\u00e8re-32-150x150.jpg\" alt=\"couturi\u00e8re-32\" \/><\/figure><\/div><div class=\"swiper-slide\" role=\"group\" aria-roledescription=\"slide\" aria-label=\"16 of 20\"><figure class=\"swiper-slide-inner\"><img decoding=\"async\" class=\"swiper-slide-image\" src=\"https:\/\/www.abram.lu\/wp-content\/uploads\/2018\/01\/couturi\u00e8re-33-150x150.jpg\" alt=\"couturi\u00e8re-33\" \/><\/figure><\/div><div class=\"swiper-slide\" role=\"group\" aria-roledescription=\"slide\" aria-label=\"17 of 20\"><figure class=\"swiper-slide-inner\"><img decoding=\"async\" class=\"swiper-slide-image\" src=\"https:\/\/www.abram.lu\/wp-content\/uploads\/2018\/01\/couturi\u00e8res-desfilado_casa_abra\u00e7o.jpg\" alt=\"\" \/><\/figure><\/div><div class=\"swiper-slide\" role=\"group\" aria-roledescription=\"slide\" aria-label=\"18 of 20\"><figure class=\"swiper-slide-inner\"><img decoding=\"async\" class=\"swiper-slide-image\" src=\"https:\/\/www.abram.lu\/wp-content\/uploads\/2018\/01\/logo-couturi\u00e8res-150x150.jpg\" alt=\"logo-couturi\u00e8res\" \/><\/figure><\/div><div class=\"swiper-slide\" role=\"group\" aria-roledescription=\"slide\" aria-label=\"19 of 20\"><figure class=\"swiper-slide-inner\"><img decoding=\"async\" class=\"swiper-slide-image\" src=\"https:\/\/www.abram.lu\/wp-content\/uploads\/2017\/12\/couturi\u00e8res-r\u00e9union-sans-bords-150x150.jpeg\" alt=\"couturi\u00e8res r\u00e9union sans bords\" \/><\/figure><\/div><div class=\"swiper-slide\" role=\"group\" aria-roledescription=\"slide\" aria-label=\"20 of 20\"><figure class=\"swiper-slide-inner\"><img decoding=\"async\" class=\"swiper-slide-image\" src=\"https:\/\/www.abram.lu\/wp-content\/uploads\/2017\/12\/maison-couturi\u00e8re-150x150.jpeg\" alt=\"maison couturi\u00e8re\" \/><\/figure><\/div>\t\t\t<\/div>\n\t\t\t\t\t\t\t\t\t\t\t\t<div class=\"elementor-swiper-button elementor-swiper-button-prev\" role=\"button\" tabindex=\"0\">\n\t\t\t\t\t\t<i aria-hidden=\"true\" class=\"eicon-chevron-left\"><\/i>\t\t\t\t\t<\/div>\n\t\t\t\t\t<div class=\"elementor-swiper-button elementor-swiper-button-next\" role=\"button\" tabindex=\"0\">\n\t\t\t\t\t\t<i aria-hidden=\"true\" class=\"eicon-chevron-right\"><\/i>\t\t\t\t\t<\/div>\n\t\t\t\t\n\t\t\t\t\t\t\t\t\t<div class=\"swiper-pagination\"><\/div>\n\t\t\t\t\t\t\t\t\t<\/div>\n\t\t\t\t\t\t<\/div>\n\t\t\t\t<\/div>\n\t\t\t\t\t<\/div>\n\t\t<\/div>\n\t\t\t\t\t<\/div>\n\t\t<\/section>\n\t\t\t\t<section class=\"elementor-section elementor-top-section elementor-element elementor-element-57e65586 elementor-section-boxed elementor-section-height-default elementor-section-height-default\" data-id=\"57e65586\" data-element_type=\"section\" data-e-type=\"section\">\n\t\t\t\t\t\t<div class=\"elementor-container elementor-column-gap-default\">\n\t\t\t\t\t<div class=\"elementor-column elementor-col-100 elementor-top-column elementor-element elementor-element-3d7a72c6\" data-id=\"3d7a72c6\" data-element_type=\"column\" data-e-type=\"column\">\n\t\t\t<div class=\"elementor-widget-wrap elementor-element-populated\">\n\t\t\t\t\t\t<div class=\"elementor-element elementor-element-72947cf1 elementor-widget elementor-widget-heading\" data-id=\"72947cf1\" data-element_type=\"widget\" data-e-type=\"widget\" data-widget_type=\"heading.default\">\n\t\t\t\t<div class=\"elementor-widget-container\">\n\t\t\t\t\t<h2 class=\"elementor-heading-title elementor-size-default\">Costurando um mundo melhor<br>\n\nUn projet d\u2019Abram Lux et de l\u2019Associa\u00e7\u00e3o Para a Paz<\/h2>\t\t\t\t<\/div>\n\t\t\t\t<\/div>\n\t\t\t\t\t<\/div>\n\t\t<\/div>\n\t\t\t\t\t<\/div>\n\t\t<\/section>\n\t\t\t\t<section class=\"elementor-section elementor-top-section elementor-element elementor-element-5032f23c elementor-section-boxed elementor-section-height-default elementor-section-height-default\" data-id=\"5032f23c\" data-element_type=\"section\" data-e-type=\"section\">\n\t\t\t\t\t\t<div class=\"elementor-container elementor-column-gap-default\">\n\t\t\t\t\t<div class=\"elementor-column elementor-col-100 elementor-top-column elementor-element elementor-element-7f43b504\" data-id=\"7f43b504\" data-element_type=\"column\" data-e-type=\"column\">\n\t\t\t<div class=\"elementor-widget-wrap elementor-element-populated\">\n\t\t\t\t\t\t<section class=\"elementor-section elementor-inner-section elementor-element elementor-element-4dbdc48e elementor-section-boxed elementor-section-height-default elementor-section-height-default\" data-id=\"4dbdc48e\" data-element_type=\"section\" data-e-type=\"section\">\n\t\t\t\t\t\t<div class=\"elementor-container elementor-column-gap-default\">\n\t\t\t\t\t<div class=\"elementor-column elementor-col-50 elementor-inner-column elementor-element elementor-element-316b5726\" data-id=\"316b5726\" data-element_type=\"column\" data-e-type=\"column\">\n\t\t\t<div class=\"elementor-widget-wrap elementor-element-populated\">\n\t\t\t\t\t\t<div class=\"elementor-element elementor-element-5b1f15ed elementor-widget elementor-widget-text-editor\" data-id=\"5b1f15ed\" data-element_type=\"widget\" data-e-type=\"widget\" data-widget_type=\"text-editor.default\">\n\t\t\t\t<div class=\"elementor-widget-container\">\n\t\t\t\t\t\t\t\t\t<p><style type=\"text\/css\">p { margin-bottom: 0.1in; line-height: 120%; }<\/style><\/p><p align=\"justify\">Le projet Costurando um mundo melhor s\u2019inscrit dans le cadre du d\u00e9veloppement durable et du commerce \u00e9quitable. Il a pour objectifs de cr\u00e9er une confection coop\u00e9rative et une \u00e9cole permanente de couture.<\/p><p align=\"justify\">Dans ce contexte, les associations partenaires nourrissent le projet de former un groupe de couturi\u00e8res qui, \u00e0 court terme, deviendront capables de produire des pi\u00e8ces de v\u00eatement et d\u2019artisanat destin\u00e9es aux march\u00e9s local, national et international.<\/p><p align=\"justified\">Ce partenariat cr\u00e9e les conditions n\u00e9cessaires au travail avec la communaut\u00e9 locale et \u00e9tablit une premi\u00e8re \u00e9tape en direction de la commercialisation de la production d\u2019artisanat<br \/> local.<\/p><p align=\"center\"><strong>Premi\u00e8re phase : les ateliers<\/strong><\/p><p align=\"justified\">Actuellement, une petite structure existe, dans laquelle des ateliers sont organis\u00e9s r\u00e9guli\u00e8rement. Lors de ces rencontres mensuelles d\u2019une semaine, les apprenties-couturi\u00e8res apprennent \u00e0 ma\u00eetriser les diverses techniques utiles et n\u00e9cessaires \u00e0 la r\u00e9alisation de diff\u00e9rents types d\u2019artisanat qu\u2019elles pourront ainsi commercialiser ind\u00e9pendamment, soit \u00e0 leur domicile, soit en b\u00e9n\u00e9ficiant de l\u2019infrastructure offerte par l\u2019\u00e9cole.<\/p><p align=\"center\"><strong>Deuxi\u00e8me phase : \u00e9cole et coop\u00e9rative <\/strong><\/p><p>Vu les besoins r\u00e9els sur place et le nombre croissant de candidates, le projet initial requ\u00e9rait un pas avant. Depuis septembre 2014, notre partenaire local met une maison \u00e0 la disposition du projet. Avec ce nouveau si\u00e8ge, la n\u00e9cessaire expansion devient une r\u00e9alit\u00e9 concr\u00e8te et le projet peut aller de l\u2019avant.<\/p><p>Les participantes apprennent en produisant de l\u2019artisanat. En commercialisant leur production, un retour financier imm\u00e9diat devient possible. D\u00e8s qu\u2019une couturi\u00e8re est form\u00e9e, elle peut travailler chez elle et ainsi c\u00e9der sa place \u00e0 une nouvelle candidate.<\/p><p>L\u2019\u00e9coulement de la production se fera dans les commerces locaux et au Luxembourg, par le moyen de bazars, de foires et d\u2019expositions organis\u00e9s conjointement aux pr\u00e9sentations du projet. En outre, une boutique en ligne sera ouverte de mani\u00e8re \u00e0 pouvoir toucher un large public globalis\u00e9.<\/p>\t\t\t\t\t\t\t\t<\/div>\n\t\t\t\t<\/div>\n\t\t\t\t\t<\/div>\n\t\t<\/div>\n\t\t\t\t<div class=\"elementor-column elementor-col-50 elementor-inner-column elementor-element elementor-element-12fef121\" data-id=\"12fef121\" data-element_type=\"column\" data-e-type=\"column\">\n\t\t\t<div class=\"elementor-widget-wrap elementor-element-populated\">\n\t\t\t\t\t\t<div class=\"elementor-element elementor-element-2d43d1d2 elementor-widget elementor-widget-text-editor\" data-id=\"2d43d1d2\" data-element_type=\"widget\" data-e-type=\"widget\" data-widget_type=\"text-editor.default\">\n\t\t\t\t<div class=\"elementor-widget-container\">\n\t\t\t\t\t\t\t\t\t<p>\n\n\n\t\n\t\n\t\n\t<style type=\"text\/css\">p { margin-bottom: 0.1in; line-height: 120%; }<\/style>\n\n\n<\/p><p align=\"center\"><strong>Un parcours professionnalisant <\/strong>\n<\/p>\n<p align=\"justify\">L\u2019\u00e9quipe locale sera compos\u00e9e d\u2019une\ncoordinatrice administrative, d\u2019une coordinatrice de production et\nd\u2019une professeure de coupe et couture. Les cours de couture auront\nlieu trois fois par semaine et, les autres jours, les apprenantes\nrecevront des consignes et du mat\u00e9riel chez elles.<\/p>\n<p align=\"justify\">Une fois par mois, les \u00e9l\u00e8ves participeront \u00e0\nun atelier suppl\u00e9mentaire comme, par exemple, finition au crochet,\ntechnique de bordage,&nbsp; recyclage de tissus, peinture, etc.<\/p>\n<p align=\"justify\">Mensuellement, l\u2019\u00e9quipe technique d\u00e9finira un\nobjectif d\u2019apprentissage et de production en pr\u00e9voyant diff\u00e9rentes\nsortes de produits, afin de permettre \u00e0 chaque participante de\ntravailler selon son potentiel et son niveau de connaissance.<\/p>\n<p align=\"justify\">\u00c0 la fin de chaque mois, un registre de toute la\nproduction sera tenu \u00e0 jour par toutes lesparticipantes. Chaque\narticle y sera inscrit avec son co\u00fbt de production et son prix de\nvente. Tout ce mat\u00e9riel sera achemin\u00e9 vers la commercialisation en\nqu\u00eate d\u2019une v\u00e9ritable autonomie ou viabilit\u00e9 du projet.<\/p>\n<p align=\"center\"><strong>Les objectifs<\/strong><\/p>\n<ul><li>\n<p style=\"margin-bottom: 0in\" align=\"justify\">Habiliter en\n\tcoupe et couture dans un but d\u2019augmentation du revenu familial,\n\tcomblant du m\u00eame coup les besoins domestiques en mati\u00e8re\n\td\u2019habillement. \n\t<\/p>\n\t<\/li><li>\n<p style=\"margin-bottom: 0in\" align=\"justify\">Mettre en place\n\tun groupe de travail pour la production et la distribution\n\tcollective des produits. \n\t<\/p>\n\t<\/li><li>\n<p align=\"justify\">Structurer une confection coop\u00e9rative\n\ttoujours ouverte \u00e0 de nouvelles candidates en&nbsp; cr\u00e9ant et\n\td\u00e9veloppant une marque et une qualit\u00e9 commerciales.<\/p>\n<\/li><\/ul>\t\t\t\t\t\t\t\t<\/div>\n\t\t\t\t<\/div>\n\t\t\t\t\t<\/div>\n\t\t<\/div>\n\t\t\t\t\t<\/div>\n\t\t<\/section>\n\t\t\t\t\t<\/div>\n\t\t<\/div>\n\t\t\t\t\t<\/div>\n\t\t<\/section>\n\t\t\t\t<section class=\"elementor-section elementor-top-section elementor-element elementor-element-518c979b elementor-section-boxed elementor-section-height-default elementor-section-height-default\" data-id=\"518c979b\" data-element_type=\"section\" data-e-type=\"section\">\n\t\t\t\t\t\t<div class=\"elementor-container elementor-column-gap-default\">\n\t\t\t\t\t<div class=\"elementor-column elementor-col-16 elementor-top-column elementor-element elementor-element-2339b109\" data-id=\"2339b109\" data-element_type=\"column\" data-e-type=\"column\">\n\t\t\t<div class=\"elementor-widget-wrap elementor-element-populated\">\n\t\t\t\t\t\t<div class=\"elementor-element elementor-element-5ace9ae6 elementor-widget elementor-widget-image\" data-id=\"5ace9ae6\" data-element_type=\"widget\" data-e-type=\"widget\" data-widget_type=\"image.default\">\n\t\t\t\t<div class=\"elementor-widget-container\">\n\t\t\t\t\t\t\t\t\t\t\t\t\t\t\t<img decoding=\"async\" src=\"https:\/\/www.abram.lu\/wp-content\/plugins\/elementor\/assets\/images\/placeholder.png\" title=\"\" alt=\"\" loading=\"lazy\" \/>\t\t\t\t\t\t\t\t\t\t\t\t\t\t\t<\/div>\n\t\t\t\t<\/div>\n\t\t\t\t\t<\/div>\n\t\t<\/div>\n\t\t\t\t<div class=\"elementor-column elementor-col-16 elementor-top-column elementor-element elementor-element-64cc5aaf\" data-id=\"64cc5aaf\" data-element_type=\"column\" data-e-type=\"column\">\n\t\t\t<div class=\"elementor-widget-wrap elementor-element-populated\">\n\t\t\t\t\t\t<div class=\"elementor-element elementor-element-ddcb8e6 elementor-widget elementor-widget-image\" data-id=\"ddcb8e6\" data-element_type=\"widget\" data-e-type=\"widget\" data-widget_type=\"image.default\">\n\t\t\t\t<div class=\"elementor-widget-container\">\n\t\t\t\t\t\t\t\t\t\t\t\t\t\t\t<img decoding=\"async\" src=\"https:\/\/www.abram.lu\/wp-content\/plugins\/elementor\/assets\/images\/placeholder.png\" title=\"\" alt=\"\" loading=\"lazy\" \/>\t\t\t\t\t\t\t\t\t\t\t\t\t\t\t<\/div>\n\t\t\t\t<\/div>\n\t\t\t\t\t<\/div>\n\t\t<\/div>\n\t\t\t\t<div class=\"elementor-column elementor-col-16 elementor-top-column elementor-element elementor-element-5a70ac0d\" data-id=\"5a70ac0d\" data-element_type=\"column\" data-e-type=\"column\">\n\t\t\t<div class=\"elementor-widget-wrap elementor-element-populated\">\n\t\t\t\t\t\t<div class=\"elementor-element elementor-element-7c8881a9 elementor-widget elementor-widget-image\" data-id=\"7c8881a9\" data-element_type=\"widget\" data-e-type=\"widget\" data-widget_type=\"image.default\">\n\t\t\t\t<div class=\"elementor-widget-container\">\n\t\t\t\t\t\t\t\t\t\t\t\t\t\t\t<img decoding=\"async\" src=\"https:\/\/www.abram.lu\/wp-content\/plugins\/elementor\/assets\/images\/placeholder.png\" title=\"\" alt=\"\" loading=\"lazy\" \/>\t\t\t\t\t\t\t\t\t\t\t\t\t\t\t<\/div>\n\t\t\t\t<\/div>\n\t\t\t\t\t<\/div>\n\t\t<\/div>\n\t\t\t\t<div class=\"elementor-column elementor-col-16 elementor-top-column elementor-element elementor-element-28c3d558\" data-id=\"28c3d558\" data-element_type=\"column\" data-e-type=\"column\">\n\t\t\t<div class=\"elementor-widget-wrap elementor-element-populated\">\n\t\t\t\t\t\t<div class=\"elementor-element elementor-element-338a55f7 elementor-widget elementor-widget-image\" data-id=\"338a55f7\" data-element_type=\"widget\" data-e-type=\"widget\" data-widget_type=\"image.default\">\n\t\t\t\t<div class=\"elementor-widget-container\">\n\t\t\t\t\t\t\t\t\t\t\t\t\t\t\t<img decoding=\"async\" src=\"https:\/\/www.abram.lu\/wp-content\/plugins\/elementor\/assets\/images\/placeholder.png\" title=\"\" alt=\"\" loading=\"lazy\" \/>\t\t\t\t\t\t\t\t\t\t\t\t\t\t\t<\/div>\n\t\t\t\t<\/div>\n\t\t\t\t\t<\/div>\n\t\t<\/div>\n\t\t\t\t<div class=\"elementor-column elementor-col-16 elementor-top-column elementor-element elementor-element-699ec0ac\" data-id=\"699ec0ac\" data-element_type=\"column\" data-e-type=\"column\">\n\t\t\t<div class=\"elementor-widget-wrap elementor-element-populated\">\n\t\t\t\t\t\t<div class=\"elementor-element elementor-element-78b0f069 elementor-widget elementor-widget-image\" data-id=\"78b0f069\" data-element_type=\"widget\" data-e-type=\"widget\" data-widget_type=\"image.default\">\n\t\t\t\t<div class=\"elementor-widget-container\">\n\t\t\t\t\t\t\t\t\t\t\t\t\t\t\t<img decoding=\"async\" src=\"https:\/\/www.abram.lu\/wp-content\/plugins\/elementor\/assets\/images\/placeholder.png\" title=\"\" alt=\"\" loading=\"lazy\" \/>\t\t\t\t\t\t\t\t\t\t\t\t\t\t\t<\/div>\n\t\t\t\t<\/div>\n\t\t\t\t\t<\/div>\n\t\t<\/div>\n\t\t\t\t<div class=\"elementor-column elementor-col-16 elementor-top-column elementor-element elementor-element-1711dde1\" data-id=\"1711dde1\" data-element_type=\"column\" data-e-type=\"column\">\n\t\t\t<div class=\"elementor-widget-wrap elementor-element-populated\">\n\t\t\t\t\t\t<div class=\"elementor-element elementor-element-282da3f9 elementor-widget elementor-widget-image\" data-id=\"282da3f9\" data-element_type=\"widget\" data-e-type=\"widget\" data-widget_type=\"image.default\">\n\t\t\t\t<div class=\"elementor-widget-container\">\n\t\t\t\t\t\t\t\t\t\t\t\t\t\t\t<img decoding=\"async\" src=\"https:\/\/www.abram.lu\/wp-content\/plugins\/elementor\/assets\/images\/placeholder.png\" title=\"\" alt=\"\" loading=\"lazy\" \/>\t\t\t\t\t\t\t\t\t\t\t\t\t\t\t<\/div>\n\t\t\t\t<\/div>\n\t\t\t\t\t<\/div>\n\t\t<\/div>\n\t\t\t\t\t<\/div>\n\t\t<\/section>\n\t\t\t\t<section class=\"elementor-section elementor-top-section elementor-element elementor-element-2de141da elementor-section-boxed elementor-section-height-default elementor-section-height-default\" data-id=\"2de141da\" data-element_type=\"section\" data-e-type=\"section\">\n\t\t\t\t\t\t<div class=\"elementor-container elementor-column-gap-default\">\n\t\t\t\t\t<div class=\"elementor-column elementor-col-16 elementor-top-column elementor-element elementor-element-7afb5400\" data-id=\"7afb5400\" data-element_type=\"column\" data-e-type=\"column\">\n\t\t\t<div class=\"elementor-widget-wrap\">\n\t\t\t\t\t\t\t<\/div>\n\t\t<\/div>\n\t\t\t\t<div class=\"elementor-column elementor-col-16 elementor-top-column elementor-element elementor-element-11d83236\" data-id=\"11d83236\" data-element_type=\"column\" data-e-type=\"column\">\n\t\t\t<div class=\"elementor-widget-wrap\">\n\t\t\t\t\t\t\t<\/div>\n\t\t<\/div>\n\t\t\t\t<div class=\"elementor-column elementor-col-16 elementor-top-column elementor-element elementor-element-5f216fe4\" data-id=\"5f216fe4\" data-element_type=\"column\" data-e-type=\"column\">\n\t\t\t<div class=\"elementor-widget-wrap\">\n\t\t\t\t\t\t\t<\/div>\n\t\t<\/div>\n\t\t\t\t<div class=\"elementor-column elementor-col-16 elementor-top-column elementor-element elementor-element-4cb17d01\" data-id=\"4cb17d01\" data-element_type=\"column\" data-e-type=\"column\">\n\t\t\t<div class=\"elementor-widget-wrap\">\n\t\t\t\t\t\t\t<\/div>\n\t\t<\/div>\n\t\t\t\t<div class=\"elementor-column elementor-col-16 elementor-top-column elementor-element elementor-element-37936b51\" data-id=\"37936b51\" data-element_type=\"column\" data-e-type=\"column\">\n\t\t\t<div class=\"elementor-widget-wrap\">\n\t\t\t\t\t\t\t<\/div>\n\t\t<\/div>\n\t\t\t\t<div class=\"elementor-column elementor-col-16 elementor-top-column elementor-element elementor-element-63c9b26b\" data-id=\"63c9b26b\" data-element_type=\"column\" data-e-type=\"column\">\n\t\t\t<div class=\"elementor-widget-wrap\">\n\t\t\t\t\t\t\t<\/div>\n\t\t<\/div>\n\t\t\t\t\t<\/div>\n\t\t<\/section>\n\t\t\t\t<\/div>\n\t\t","protected":false},"excerpt":{"rendered":"<p>Costurando um mundo melhor Un projet d\u2019Abram Lux et de l\u2019Associa\u00e7\u00e3o Para a Paz Le projet Costurando um mundo melhor s\u2019inscrit dans le cadre du d\u00e9veloppement durable et du commerce [&hellip;]<\/p>\n","protected":false},"author":1,"featured_media":0,"parent":1612,"menu_order":0,"comment_status":"closed","ping_status":"closed","template":"","meta":{"footnotes":""},"class_list":["post-1760","page","type-page","status-publish","hentry"],"_links":{"self":[{"href":"https:\/\/www.abram.lu\/en\/wp-json\/wp\/v2\/pages\/1760","targetHints":{"allow":["GET"]}}],"collection":[{"href":"https:\/\/www.abram.lu\/en\/wp-json\/wp\/v2\/pages"}],"about":[{"href":"https:\/\/www.abram.lu\/en\/wp-json\/wp\/v2\/types\/page"}],"author":[{"embeddable":true,"href":"https:\/\/www.abram.lu\/en\/wp-json\/wp\/v2\/users\/1"}],"replies":[{"embeddable":true,"href":"https:\/\/www.abram.lu\/en\/wp-json\/wp\/v2\/comments?post=1760"}],"version-history":[{"count":12,"href":"https:\/\/www.abram.lu\/en\/wp-json\/wp\/v2\/pages\/1760\/revisions"}],"predecessor-version":[{"id":2538,"href":"https:\/\/www.abram.lu\/en\/wp-json\/wp\/v2\/pages\/1760\/revisions\/2538"}],"up":[{"embeddable":true,"href":"https:\/\/www.abram.lu\/en\/wp-json\/wp\/v2\/pages\/1612"}],"wp:attachment":[{"href":"https:\/\/www.abram.lu\/en\/wp-json\/wp\/v2\/media?parent=1760"}],"curies":[{"name":"wp","href":"https:\/\/api.w.org\/{rel}","templated":true}]}}