{"id":2471,"date":"2018-01-17T15:49:31","date_gmt":"2018-01-17T15:49:31","guid":{"rendered":"http:\/\/192.168.0.2\/wpml\/?page_id=2471"},"modified":"2018-01-17T15:50:53","modified_gmt":"2018-01-17T15:50:53","slug":"kalungas-pt","status":"publish","type":"page","link":"https:\/\/www.abram.lu\/pt\/kalungas-pt\/","title":{"rendered":"Kalungas PT"},"content":{"rendered":"\t\t<div data-elementor-type=\"wp-post\" data-elementor-id=\"2471\" class=\"elementor elementor-2471 elementor-bc-flex-widget\">\n\t\t\t\t\t\t<section class=\"elementor-section elementor-top-section elementor-element elementor-element-50274a2a elementor-section-boxed elementor-section-height-default elementor-section-height-default\" data-id=\"50274a2a\" data-element_type=\"section\" data-e-type=\"section\">\n\t\t\t\t\t\t<div class=\"elementor-container elementor-column-gap-default\">\n\t\t\t\t\t<div class=\"elementor-column elementor-col-100 elementor-top-column elementor-element elementor-element-58f6ca7a\" data-id=\"58f6ca7a\" data-element_type=\"column\" data-e-type=\"column\">\n\t\t\t<div class=\"elementor-widget-wrap elementor-element-populated\">\n\t\t\t\t\t\t<div class=\"elementor-element elementor-element-5a207dac elementor-widget elementor-widget-heading\" data-id=\"5a207dac\" data-element_type=\"widget\" data-e-type=\"widget\" data-widget_type=\"heading.default\">\n\t\t\t\t<div class=\"elementor-widget-container\">\n\t\t\t\t\t<h2 class=\"elementor-heading-title elementor-size-default\">Les Kalungas<\/h2>\t\t\t\t<\/div>\n\t\t\t\t<\/div>\n\t\t\t\t\t<\/div>\n\t\t<\/div>\n\t\t\t\t\t<\/div>\n\t\t<\/section>\n\t\t\t\t<section class=\"elementor-section elementor-top-section elementor-element elementor-element-1a26b120 elementor-section-boxed elementor-section-height-default elementor-section-height-default\" data-id=\"1a26b120\" data-element_type=\"section\" data-e-type=\"section\">\n\t\t\t\t\t\t<div class=\"elementor-container elementor-column-gap-default\">\n\t\t\t\t\t<div class=\"elementor-column elementor-col-100 elementor-top-column elementor-element elementor-element-36b36db7\" data-id=\"36b36db7\" data-element_type=\"column\" data-e-type=\"column\">\n\t\t\t<div class=\"elementor-widget-wrap elementor-element-populated\">\n\t\t\t\t\t\t<div class=\"elementor-element elementor-element-7d32db79 elementor-arrows-position-inside elementor-pagination-position-outside elementor-widget elementor-widget-image-carousel\" data-id=\"7d32db79\" data-element_type=\"widget\" data-e-type=\"widget\" data-settings=\"{&quot;slides_to_show&quot;:&quot;7&quot;,&quot;navigation&quot;:&quot;both&quot;,&quot;autoplay&quot;:&quot;yes&quot;,&quot;pause_on_hover&quot;:&quot;yes&quot;,&quot;pause_on_interaction&quot;:&quot;yes&quot;,&quot;autoplay_speed&quot;:5000,&quot;infinite&quot;:&quot;yes&quot;,&quot;speed&quot;:500}\" data-widget_type=\"image-carousel.default\">\n\t\t\t\t<div class=\"elementor-widget-container\">\n\t\t\t\t\t\t\t<div class=\"elementor-image-carousel-wrapper swiper\" role=\"region\" aria-roledescription=\"carousel\" aria-label=\"Carrossel de imagens\" dir=\"ltr\">\n\t\t\t<div class=\"elementor-image-carousel swiper-wrapper\" aria-live=\"off\">\n\t\t\t\t\t\t\t\t<div class=\"swiper-slide\" role=\"group\" aria-roledescription=\"slide\" aria-label=\"1 de 24\"><figure class=\"swiper-slide-inner\"><img decoding=\"async\" class=\"swiper-slide-image\" src=\"https:\/\/www.abram.lu\/wp-content\/uploads\/2018\/01\/kalunga-27-1-150x150.jpg\" alt=\"kalunga-27\" \/><\/figure><\/div><div class=\"swiper-slide\" role=\"group\" aria-roledescription=\"slide\" aria-label=\"2 de 24\"><figure class=\"swiper-slide-inner\"><img decoding=\"async\" class=\"swiper-slide-image\" src=\"https:\/\/www.abram.lu\/wp-content\/uploads\/2018\/01\/Kalunga-150x150.jpg\" alt=\"Kalunga\" \/><\/figure><\/div><div class=\"swiper-slide\" role=\"group\" aria-roledescription=\"slide\" aria-label=\"3 de 24\"><figure class=\"swiper-slide-inner\"><img decoding=\"async\" class=\"swiper-slide-image\" src=\"https:\/\/www.abram.lu\/wp-content\/uploads\/2018\/01\/kalungas12-1-150x150.jpg\" alt=\"kalungas12\" \/><\/figure><\/div><div class=\"swiper-slide\" role=\"group\" aria-roledescription=\"slide\" aria-label=\"4 de 24\"><figure class=\"swiper-slide-inner\"><img decoding=\"async\" class=\"swiper-slide-image\" src=\"https:\/\/www.abram.lu\/wp-content\/uploads\/2018\/01\/kalungas13-150x150.jpg\" alt=\"kalungas13\" \/><\/figure><\/div><div class=\"swiper-slide\" role=\"group\" aria-roledescription=\"slide\" aria-label=\"5 de 24\"><figure class=\"swiper-slide-inner\"><img decoding=\"async\" class=\"swiper-slide-image\" src=\"https:\/\/www.abram.lu\/wp-content\/uploads\/2018\/01\/kalungas14-1-150x150.jpg\" alt=\"kalungas14\" \/><\/figure><\/div><div class=\"swiper-slide\" role=\"group\" aria-roledescription=\"slide\" aria-label=\"6 de 24\"><figure class=\"swiper-slide-inner\"><img decoding=\"async\" class=\"swiper-slide-image\" src=\"https:\/\/www.abram.lu\/wp-content\/uploads\/2018\/01\/kalungas15-1-150x150.jpg\" alt=\"kalungas15\" \/><\/figure><\/div><div class=\"swiper-slide\" role=\"group\" aria-roledescription=\"slide\" aria-label=\"7 de 24\"><figure class=\"swiper-slide-inner\"><img decoding=\"async\" class=\"swiper-slide-image\" src=\"https:\/\/www.abram.lu\/wp-content\/uploads\/2018\/01\/kalungas-10-1-150x150.jpg\" alt=\"kalungas-10\" \/><\/figure><\/div><div class=\"swiper-slide\" role=\"group\" aria-roledescription=\"slide\" aria-label=\"8 de 24\"><figure class=\"swiper-slide-inner\"><img decoding=\"async\" class=\"swiper-slide-image\" src=\"https:\/\/www.abram.lu\/wp-content\/uploads\/2018\/01\/kalungas-18-1-150x150.jpg\" alt=\"kalungas-18\" \/><\/figure><\/div><div class=\"swiper-slide\" role=\"group\" aria-roledescription=\"slide\" aria-label=\"9 de 24\"><figure class=\"swiper-slide-inner\"><img decoding=\"async\" class=\"swiper-slide-image\" src=\"https:\/\/www.abram.lu\/wp-content\/uploads\/2018\/01\/kalungas-19-2-150x150.jpg\" alt=\"kalungas-19\" \/><\/figure><\/div><div class=\"swiper-slide\" role=\"group\" aria-roledescription=\"slide\" aria-label=\"10 de 24\"><figure class=\"swiper-slide-inner\"><img decoding=\"async\" class=\"swiper-slide-image\" src=\"https:\/\/www.abram.lu\/wp-content\/uploads\/2018\/01\/Kalungas-2-150x150.jpg\" alt=\"Cavalcante\" \/><\/figure><\/div><div class=\"swiper-slide\" role=\"group\" aria-roledescription=\"slide\" aria-label=\"11 de 24\"><figure class=\"swiper-slide-inner\"><img decoding=\"async\" class=\"swiper-slide-image\" src=\"https:\/\/www.abram.lu\/wp-content\/uploads\/2018\/01\/kalungas-cases5-150x150.jpg\" alt=\"kalungas-cases5\" \/><\/figure><\/div><div class=\"swiper-slide\" role=\"group\" aria-roledescription=\"slide\" aria-label=\"12 de 24\"><figure class=\"swiper-slide-inner\"><img decoding=\"async\" class=\"swiper-slide-image\" src=\"https:\/\/www.abram.lu\/wp-content\/uploads\/2018\/01\/kalungas-Cavalier-150x150.jpg\" alt=\"kalungas-Cavalier\" \/><\/figure><\/div><div class=\"swiper-slide\" role=\"group\" aria-roledescription=\"slide\" aria-label=\"13 de 24\"><figure class=\"swiper-slide-inner\"><img decoding=\"async\" class=\"swiper-slide-image\" src=\"https:\/\/www.abram.lu\/wp-content\/uploads\/2018\/01\/kalungas-ceuillete-150x150.jpg\" alt=\"kalungas-ceuillete\" \/><\/figure><\/div><div class=\"swiper-slide\" role=\"group\" aria-roledescription=\"slide\" aria-label=\"14 de 24\"><figure class=\"swiper-slide-inner\"><img decoding=\"async\" class=\"swiper-slide-image\" src=\"https:\/\/www.abram.lu\/wp-content\/uploads\/2018\/01\/kalungas-Couple-150x150.jpg\" alt=\"kalungas-Couple\" \/><\/figure><\/div><div class=\"swiper-slide\" role=\"group\" aria-roledescription=\"slide\" aria-label=\"15 de 24\"><figure class=\"swiper-slide-inner\"><img decoding=\"async\" class=\"swiper-slide-image\" src=\"https:\/\/www.abram.lu\/wp-content\/uploads\/2018\/01\/kalungas-Crian\u00e7as-150x150.jpg\" alt=\"kalungas-Crian\u00e7as\" \/><\/figure><\/div><div class=\"swiper-slide\" role=\"group\" aria-roledescription=\"slide\" aria-label=\"16 de 24\"><figure class=\"swiper-slide-inner\"><img decoding=\"async\" class=\"swiper-slide-image\" src=\"https:\/\/www.abram.lu\/wp-content\/uploads\/2018\/01\/kalungas-Cuisine-150x150.jpg\" alt=\"Cavalcante\" \/><\/figure><\/div><div class=\"swiper-slide\" role=\"group\" aria-roledescription=\"slide\" aria-label=\"17 de 24\"><figure class=\"swiper-slide-inner\"><img decoding=\"async\" class=\"swiper-slide-image\" src=\"https:\/\/www.abram.lu\/wp-content\/uploads\/2018\/01\/kalungas-enfants-150x150.jpg\" alt=\"kalungas-enfants\" \/><\/figure><\/div><div class=\"swiper-slide\" role=\"group\" aria-roledescription=\"slide\" aria-label=\"18 de 24\"><figure class=\"swiper-slide-inner\"><img decoding=\"async\" class=\"swiper-slide-image\" src=\"https:\/\/www.abram.lu\/wp-content\/uploads\/2018\/01\/kalungas-Filage-150x150.jpg\" alt=\"kalungas-Filage\" \/><\/figure><\/div><div class=\"swiper-slide\" role=\"group\" aria-roledescription=\"slide\" aria-label=\"19 de 24\"><figure class=\"swiper-slide-inner\"><img decoding=\"async\" class=\"swiper-slide-image\" src=\"https:\/\/www.abram.lu\/wp-content\/uploads\/2018\/01\/kalungas-Manioc-150x150.jpg\" alt=\"kalungas-Manioc\" \/><\/figure><\/div><div class=\"swiper-slide\" role=\"group\" aria-roledescription=\"slide\" aria-label=\"20 de 24\"><figure class=\"swiper-slide-inner\"><img decoding=\"async\" class=\"swiper-slide-image\" src=\"https:\/\/www.abram.lu\/wp-content\/uploads\/2018\/01\/kalungas-ronde-150x150.jpg\" alt=\"kalungas-ronde\" \/><\/figure><\/div><div class=\"swiper-slide\" role=\"group\" aria-roledescription=\"slide\" aria-label=\"21 de 24\"><figure class=\"swiper-slide-inner\"><img decoding=\"async\" class=\"swiper-slide-image\" src=\"https:\/\/www.abram.lu\/wp-content\/uploads\/2018\/01\/kalungas-vieux-2-2-150x150.jpg\" alt=\"kalungas-vieux-2\" \/><\/figure><\/div><div class=\"swiper-slide\" role=\"group\" aria-roledescription=\"slide\" aria-label=\"22 de 24\"><figure class=\"swiper-slide-inner\"><img decoding=\"async\" class=\"swiper-slide-image\" src=\"https:\/\/www.abram.lu\/wp-content\/uploads\/2018\/01\/kalungas-25-1-150x150.jpg\" alt=\"kalungas-25\" \/><\/figure><\/div><div class=\"swiper-slide\" role=\"group\" aria-roledescription=\"slide\" aria-label=\"23 de 24\"><figure class=\"swiper-slide-inner\"><img decoding=\"async\" class=\"swiper-slide-image\" src=\"https:\/\/www.abram.lu\/wp-content\/uploads\/2018\/01\/kalungas-28-1-150x150.jpg\" alt=\"kalungas-28\" \/><\/figure><\/div><div class=\"swiper-slide\" role=\"group\" aria-roledescription=\"slide\" aria-label=\"24 de 24\"><figure class=\"swiper-slide-inner\"><img decoding=\"async\" class=\"swiper-slide-image\" src=\"https:\/\/www.abram.lu\/wp-content\/uploads\/2018\/01\/kalungas-cases-1-150x150.jpg\" alt=\"kalungas-cases\" \/><\/figure><\/div>\t\t\t<\/div>\n\t\t\t\t\t\t\t\t\t\t\t\t<div class=\"elementor-swiper-button elementor-swiper-button-prev\" role=\"button\" tabindex=\"0\">\n\t\t\t\t\t\t<i aria-hidden=\"true\" class=\"eicon-chevron-left\"><\/i>\t\t\t\t\t<\/div>\n\t\t\t\t\t<div class=\"elementor-swiper-button elementor-swiper-button-next\" role=\"button\" tabindex=\"0\">\n\t\t\t\t\t\t<i aria-hidden=\"true\" class=\"eicon-chevron-right\"><\/i>\t\t\t\t\t<\/div>\n\t\t\t\t\n\t\t\t\t\t\t\t\t\t<div class=\"swiper-pagination\"><\/div>\n\t\t\t\t\t\t\t\t\t<\/div>\n\t\t\t\t\t\t<\/div>\n\t\t\t\t<\/div>\n\t\t\t\t\t<\/div>\n\t\t<\/div>\n\t\t\t\t\t<\/div>\n\t\t<\/section>\n\t\t\t\t<section class=\"elementor-section elementor-top-section elementor-element elementor-element-5425b826 elementor-section-boxed elementor-section-height-default elementor-section-height-default\" data-id=\"5425b826\" data-element_type=\"section\" data-e-type=\"section\">\n\t\t\t\t\t\t<div class=\"elementor-container elementor-column-gap-default\">\n\t\t\t\t\t<div class=\"elementor-column elementor-col-100 elementor-top-column elementor-element elementor-element-565d8a1d\" data-id=\"565d8a1d\" data-element_type=\"column\" data-e-type=\"column\">\n\t\t\t<div class=\"elementor-widget-wrap elementor-element-populated\">\n\t\t\t\t\t\t<div class=\"elementor-element elementor-element-52352bd1 elementor-widget elementor-widget-text-editor\" data-id=\"52352bd1\" data-element_type=\"widget\" data-e-type=\"widget\" data-widget_type=\"text-editor.default\">\n\t\t\t\t<div class=\"elementor-widget-container\">\n\t\t\t\t\t\t\t\t\t<p>Les kalungas sont un peuple de descendants d\u2019esclaves noirs africains d\u00e9port\u00e9s puis exploit\u00e9s par les colons portugais \u00e0 partir des XVI\u00e8me et XVII\u00e8me si\u00e8cles.<\/p><p>La pr\u00e9sence des populations kalunga au coeur des r\u00e9gions recul\u00e9es et tr\u00e8s accident\u00e9es du Planalto central est fortement li\u00e9e \u00e0 l\u2019expansion territoriale et \u00e0 la prospection de min\u00e9raux pr\u00e9cieux, en particulier de l\u2019or.<\/p><p>C\u2019est dans ce contexte qu\u2019ils se sont construit une identit\u00e9 et une culture propres sur les vestiges de leurs traditions africaines des origines, les influences subies aupr\u00e8s des colonisateurs europ\u00e9ens catholiques et au contact des populations indig\u00e8nes am\u00e9rindiennes elles-m\u00eames en fuite devant les cruels envahisseurs.<\/p><p>Officiellement, les Kalungas sont entr\u00e9s en contact avec le monde moderne au d\u00e9but des ann\u00e9es 1980.<\/p><p>Depuis lors, ce petit peuple d\u2019environ dix mille individus vit en cherchant ses marques dans la soci\u00e9t\u00e9 br\u00e9silienne mondialis\u00e9e dite \u00e9mergente.<\/p>\t\t\t\t\t\t\t\t<\/div>\n\t\t\t\t<\/div>\n\t\t\t\t\t<\/div>\n\t\t<\/div>\n\t\t\t\t\t<\/div>\n\t\t<\/section>\n\t\t\t\t<section class=\"elementor-section elementor-top-section elementor-element elementor-element-22c833dc elementor-section-boxed elementor-section-height-default elementor-section-height-default\" data-id=\"22c833dc\" data-element_type=\"section\" data-e-type=\"section\">\n\t\t\t\t\t\t<div class=\"elementor-container elementor-column-gap-default\">\n\t\t\t\t\t<div class=\"elementor-column elementor-col-100 elementor-top-column elementor-element elementor-element-9428f7e\" data-id=\"9428f7e\" data-element_type=\"column\" data-e-type=\"column\">\n\t\t\t<div class=\"elementor-widget-wrap elementor-element-populated\">\n\t\t\t\t\t\t<div class=\"elementor-element elementor-element-2e6905b1 elementor-widget elementor-widget-video\" data-id=\"2e6905b1\" data-element_type=\"widget\" data-e-type=\"widget\" data-settings=\"{&quot;youtube_url&quot;:&quot;https:\\\/\\\/youtu.be\\\/7cUwYuaup34&quot;,&quot;video_type&quot;:&quot;youtube&quot;,&quot;controls&quot;:&quot;yes&quot;}\" data-widget_type=\"video.default\">\n\t\t\t\t<div class=\"elementor-widget-container\">\n\t\t\t\t\t\t\t<div class=\"elementor-wrapper elementor-open-inline\">\n\t\t\t<div class=\"elementor-video\"><\/div>\t\t<\/div>\n\t\t\t\t\t\t<\/div>\n\t\t\t\t<\/div>\n\t\t\t\t\t<\/div>\n\t\t<\/div>\n\t\t\t\t\t<\/div>\n\t\t<\/section>\n\t\t\t\t<\/div>\n\t\t","protected":false},"excerpt":{"rendered":"<p>Les Kalungas Les kalungas sont un peuple de descendants d\u2019esclaves noirs africains d\u00e9port\u00e9s puis exploit\u00e9s par les colons portugais \u00e0 partir des XVI\u00e8me et XVII\u00e8me si\u00e8cles. La pr\u00e9sence des populations [&hellip;]<\/p>\n","protected":false},"author":1,"featured_media":0,"parent":0,"menu_order":0,"comment_status":"closed","ping_status":"closed","template":"","meta":{"footnotes":""},"class_list":["post-2471","page","type-page","status-publish","hentry"],"_links":{"self":[{"href":"https:\/\/www.abram.lu\/pt\/wp-json\/wp\/v2\/pages\/2471","targetHints":{"allow":["GET"]}}],"collection":[{"href":"https:\/\/www.abram.lu\/pt\/wp-json\/wp\/v2\/pages"}],"about":[{"href":"https:\/\/www.abram.lu\/pt\/wp-json\/wp\/v2\/types\/page"}],"author":[{"embeddable":true,"href":"https:\/\/www.abram.lu\/pt\/wp-json\/wp\/v2\/users\/1"}],"replies":[{"embeddable":true,"href":"https:\/\/www.abram.lu\/pt\/wp-json\/wp\/v2\/comments?post=2471"}],"version-history":[{"count":3,"href":"https:\/\/www.abram.lu\/pt\/wp-json\/wp\/v2\/pages\/2471\/revisions"}],"predecessor-version":[{"id":2474,"href":"https:\/\/www.abram.lu\/pt\/wp-json\/wp\/v2\/pages\/2471\/revisions\/2474"}],"wp:attachment":[{"href":"https:\/\/www.abram.lu\/pt\/wp-json\/wp\/v2\/media?parent=2471"}],"curies":[{"name":"wp","href":"https:\/\/api.w.org\/{rel}","templated":true}]}}