{"id":3183,"date":"2018-05-26T16:24:16","date_gmt":"2018-05-26T16:24:16","guid":{"rendered":"http:\/\/192.168.0.2\/wpml\/?page_id=3183"},"modified":"2019-04-26T13:35:59","modified_gmt":"2019-04-26T12:35:59","slug":"under-construction-pt","status":"publish","type":"page","link":"https:\/\/www.abram.lu\/pt\/under-construction-pt\/","title":{"rendered":"Under construction PT"},"content":{"rendered":"\t\t<div data-elementor-type=\"wp-post\" data-elementor-id=\"3183\" class=\"elementor elementor-3183 elementor-bc-flex-widget\">\n\t\t\t\t\t\t<section class=\"elementor-section elementor-top-section elementor-element elementor-element-84c66a4 elementor-section-boxed elementor-section-height-default elementor-section-height-default\" data-id=\"84c66a4\" data-element_type=\"section\" data-e-type=\"section\">\n\t\t\t\t\t\t<div class=\"elementor-container elementor-column-gap-default\">\n\t\t\t\t\t<div class=\"elementor-column elementor-col-33 elementor-top-column elementor-element elementor-element-332fca5\" data-id=\"332fca5\" data-element_type=\"column\" data-e-type=\"column\">\n\t\t\t<div class=\"elementor-widget-wrap elementor-element-populated\">\n\t\t\t\t\t\t<div class=\"elementor-element elementor-element-d11d054 elementor-widget elementor-widget-image\" data-id=\"d11d054\" data-element_type=\"widget\" data-e-type=\"widget\" data-widget_type=\"image.default\">\n\t\t\t\t<div class=\"elementor-widget-container\">\n\t\t\t\t\t\t\t\t\t\t\t\t\t\t\t\t<a href=\"https:\/\/www.abram.lu\/pt\/under-construction-pt\/\">\n\t\t\t\t\t\t\t<img decoding=\"async\" width=\"80\" height=\"80\" src=\"https:\/\/www.abram.lu\/wp-content\/uploads\/2018\/01\/piodoki-chap3-1-150x150.jpg\" class=\"attachment-thumbnail size-thumbnail wp-image-2167\" alt=\"\" srcset=\"https:\/\/www.abram.lu\/wp-content\/uploads\/2018\/01\/piodoki-chap3-1-150x150.jpg 150w, https:\/\/www.abram.lu\/wp-content\/uploads\/2018\/01\/piodoki-chap3-1-scaled-450x450.jpg 450w, https:\/\/www.abram.lu\/wp-content\/uploads\/2018\/01\/piodoki-chap3-1-scaled-100x100.jpg 100w\" sizes=\"(max-width: 80px) 100vw, 80px\" \/>\t\t\t\t\t\t\t\t<\/a>\n\t\t\t\t\t\t\t\t\t\t\t\t\t\t\t<\/div>\n\t\t\t\t<\/div>\n\t\t\t\t\t<\/div>\n\t\t<\/div>\n\t\t\t\t<div class=\"elementor-column elementor-col-66 elementor-top-column elementor-element elementor-element-0718a54\" data-id=\"0718a54\" data-element_type=\"column\" data-e-type=\"column\">\n\t\t\t<div class=\"elementor-widget-wrap elementor-element-populated\">\n\t\t\t\t\t\t<div class=\"elementor-element elementor-element-eeb6264 elementor-widget elementor-widget-text-editor\" data-id=\"eeb6264\" data-element_type=\"widget\" data-e-type=\"widget\" data-widget_type=\"text-editor.default\">\n\t\t\t\t<div class=\"elementor-widget-container\">\n\t\t\t\t\t\t\t\t\t<p align=\"justify\">P\u00e1gina em constru\u00e7\u00e3o. Nos trabalhamos para a realiza\u00e7\u00e0o.<\/p>\t\t\t\t\t\t\t\t<\/div>\n\t\t\t\t<\/div>\n\t\t\t\t\t<\/div>\n\t\t<\/div>\n\t\t\t\t\t<\/div>\n\t\t<\/section>\n\t\t\t\t<\/div>\n\t\t","protected":false},"excerpt":{"rendered":"<p>P\u00e1gina em constru\u00e7\u00e3o. Nos trabalhamos para a realiza\u00e7\u00e0o.<\/p>\n","protected":false},"author":1,"featured_media":0,"parent":0,"menu_order":0,"comment_status":"closed","ping_status":"closed","template":"","meta":{"footnotes":""},"class_list":["post-3183","page","type-page","status-publish","hentry"],"_links":{"self":[{"href":"https:\/\/www.abram.lu\/pt\/wp-json\/wp\/v2\/pages\/3183","targetHints":{"allow":["GET"]}}],"collection":[{"href":"https:\/\/www.abram.lu\/pt\/wp-json\/wp\/v2\/pages"}],"about":[{"href":"https:\/\/www.abram.lu\/pt\/wp-json\/wp\/v2\/types\/page"}],"author":[{"embeddable":true,"href":"https:\/\/www.abram.lu\/pt\/wp-json\/wp\/v2\/users\/1"}],"replies":[{"embeddable":true,"href":"https:\/\/www.abram.lu\/pt\/wp-json\/wp\/v2\/comments?post=3183"}],"version-history":[{"count":4,"href":"https:\/\/www.abram.lu\/pt\/wp-json\/wp\/v2\/pages\/3183\/revisions"}],"predecessor-version":[{"id":4047,"href":"https:\/\/www.abram.lu\/pt\/wp-json\/wp\/v2\/pages\/3183\/revisions\/4047"}],"wp:attachment":[{"href":"https:\/\/www.abram.lu\/pt\/wp-json\/wp\/v2\/media?parent=3183"}],"curies":[{"name":"wp","href":"https:\/\/api.w.org\/{rel}","templated":true}]}}