{"id":3192,"date":"2018-05-26T16:46:25","date_gmt":"2018-05-26T16:46:25","guid":{"rendered":"http:\/\/192.168.0.2\/wpml\/?page_id=3192"},"modified":"2020-07-02T16:06:14","modified_gmt":"2020-07-02T15:06:14","slug":"under-construction-pt-2","status":"publish","type":"page","link":"https:\/\/www.abram.lu\/pt\/under-construction-pt-2\/","title":{"rendered":"Under construction PT"},"content":{"rendered":"\t\t<div data-elementor-type=\"wp-post\" data-elementor-id=\"3192\" class=\"elementor elementor-3192\">\n\t\t\t\t\t\t<section class=\"elementor-section elementor-top-section elementor-element elementor-element-d81bcb4 elementor-section-boxed elementor-section-height-default elementor-section-height-default\" data-id=\"d81bcb4\" data-element_type=\"section\" data-e-type=\"section\">\n\t\t\t\t\t\t<div class=\"elementor-container elementor-column-gap-default\">\n\t\t\t\t\t<div class=\"elementor-column elementor-col-100 elementor-top-column elementor-element elementor-element-94c41f1\" data-id=\"94c41f1\" data-element_type=\"column\" data-e-type=\"column\">\n\t\t\t<div class=\"elementor-widget-wrap elementor-element-populated\">\n\t\t\t\t\t\t<div class=\"elementor-element elementor-element-5c87d8d elementor-widget elementor-widget-video\" data-id=\"5c87d8d\" data-element_type=\"widget\" data-e-type=\"widget\" data-settings=\"{&quot;youtube_url&quot;:&quot;https:\\\/\\\/youtu.be\\\/YDHf49i4pXc&quot;,&quot;video_type&quot;:&quot;youtube&quot;,&quot;controls&quot;:&quot;yes&quot;}\" data-widget_type=\"video.default\">\n\t\t\t\t<div class=\"elementor-widget-container\">\n\t\t\t\t\t\t\t<div class=\"elementor-wrapper elementor-open-inline\">\n\t\t\t<div class=\"elementor-video\"><\/div>\t\t<\/div>\n\t\t\t\t\t\t<\/div>\n\t\t\t\t<\/div>\n\t\t\t\t\t<\/div>\n\t\t<\/div>\n\t\t\t\t\t<\/div>\n\t\t<\/section>\n\t\t\t\t<section class=\"elementor-section elementor-top-section elementor-element elementor-element-f0fc3d2 elementor-section-boxed elementor-section-height-default elementor-section-height-default\" data-id=\"f0fc3d2\" data-element_type=\"section\" data-e-type=\"section\">\n\t\t\t\t\t\t<div class=\"elementor-container elementor-column-gap-default\">\n\t\t\t\t\t<div class=\"elementor-column elementor-col-100 elementor-top-column elementor-element elementor-element-0b94c6d\" data-id=\"0b94c6d\" data-element_type=\"column\" data-e-type=\"column\">\n\t\t\t<div class=\"elementor-widget-wrap elementor-element-populated\">\n\t\t\t\t\t\t<div class=\"elementor-element elementor-element-aebd56d elementor-widget elementor-widget-video\" data-id=\"aebd56d\" data-element_type=\"widget\" data-e-type=\"widget\" data-settings=\"{&quot;youtube_url&quot;:&quot;https:\\\/\\\/youtu.be\\\/JbWtnGJuXTI&quot;,&quot;video_type&quot;:&quot;youtube&quot;,&quot;controls&quot;:&quot;yes&quot;}\" data-widget_type=\"video.default\">\n\t\t\t\t<div class=\"elementor-widget-container\">\n\t\t\t\t\t\t\t<div class=\"elementor-wrapper elementor-open-inline\">\n\t\t\t<div class=\"elementor-video\"><\/div>\t\t<\/div>\n\t\t\t\t\t\t<\/div>\n\t\t\t\t<\/div>\n\t\t\t\t\t<\/div>\n\t\t<\/div>\n\t\t\t\t\t<\/div>\n\t\t<\/section>\n\t\t\t\t<section class=\"elementor-section elementor-top-section elementor-element elementor-element-3b8f62bc elementor-section-boxed elementor-section-height-default elementor-section-height-default\" data-id=\"3b8f62bc\" data-element_type=\"section\" data-e-type=\"section\">\n\t\t\t\t\t\t<div class=\"elementor-container elementor-column-gap-default\">\n\t\t\t\t\t<div class=\"elementor-column elementor-col-33 elementor-top-column elementor-element elementor-element-5f81bb78\" data-id=\"5f81bb78\" data-element_type=\"column\" data-e-type=\"column\">\n\t\t\t<div class=\"elementor-widget-wrap elementor-element-populated\">\n\t\t\t\t\t\t<div class=\"elementor-element elementor-element-5dfe73be elementor-widget elementor-widget-image\" data-id=\"5dfe73be\" data-element_type=\"widget\" data-e-type=\"widget\" data-widget_type=\"image.default\">\n\t\t\t\t<div class=\"elementor-widget-container\">\n\t\t\t\t\t\t\t\t\t\t\t\t\t\t\t\t<a href=\"https:\/\/www.abram.lu\/pt\/under-construction-pt\/\">\n\t\t\t\t\t\t\t<img decoding=\"async\" width=\"80\" height=\"80\" src=\"https:\/\/www.abram.lu\/wp-content\/uploads\/2018\/01\/piodoki-chap3-1-150x150.jpg\" class=\"attachment-thumbnail size-thumbnail wp-image-2167\" alt=\"\" srcset=\"https:\/\/www.abram.lu\/wp-content\/uploads\/2018\/01\/piodoki-chap3-1-150x150.jpg 150w, https:\/\/www.abram.lu\/wp-content\/uploads\/2018\/01\/piodoki-chap3-1-scaled-450x450.jpg 450w, https:\/\/www.abram.lu\/wp-content\/uploads\/2018\/01\/piodoki-chap3-1-scaled-100x100.jpg 100w\" sizes=\"(max-width: 80px) 100vw, 80px\" \/>\t\t\t\t\t\t\t\t<\/a>\n\t\t\t\t\t\t\t\t\t\t\t\t\t\t\t<\/div>\n\t\t\t\t<\/div>\n\t\t\t\t\t<\/div>\n\t\t<\/div>\n\t\t\t\t<div class=\"elementor-column elementor-col-66 elementor-top-column elementor-element elementor-element-3788e68f\" data-id=\"3788e68f\" data-element_type=\"column\" data-e-type=\"column\">\n\t\t\t<div class=\"elementor-widget-wrap elementor-element-populated\">\n\t\t\t\t\t\t<div class=\"elementor-element elementor-element-3b6bdfea elementor-widget elementor-widget-text-editor\" data-id=\"3b6bdfea\" data-element_type=\"widget\" data-e-type=\"widget\" data-widget_type=\"text-editor.default\">\n\t\t\t\t<div class=\"elementor-widget-container\">\n\t\t\t\t\t\t\t\t\t<p align=\"justify\">P\u00e1gina em constru\u00e7\u00e3o. Nos trabalhamos para a realiza\u00e7\u00e0o.<\/p>\t\t\t\t\t\t\t\t<\/div>\n\t\t\t\t<\/div>\n\t\t\t\t\t<\/div>\n\t\t<\/div>\n\t\t\t\t\t<\/div>\n\t\t<\/section>\n\t\t\t\t<\/div>\n\t\t","protected":false},"excerpt":{"rendered":"<p>https:\/\/youtu.be\/YDHf49i4pXchttps:\/\/youtu.be\/JbWtnGJuXTI P\u00e1gina em constru\u00e7\u00e3o. Nos trabalhamos para a realiza\u00e7\u00e0o.<\/p>\n","protected":false},"author":1,"featured_media":0,"parent":0,"menu_order":0,"comment_status":"closed","ping_status":"closed","template":"","meta":{"footnotes":""},"class_list":["post-3192","page","type-page","status-publish","hentry"],"_links":{"self":[{"href":"https:\/\/www.abram.lu\/pt\/wp-json\/wp\/v2\/pages\/3192","targetHints":{"allow":["GET"]}}],"collection":[{"href":"https:\/\/www.abram.lu\/pt\/wp-json\/wp\/v2\/pages"}],"about":[{"href":"https:\/\/www.abram.lu\/pt\/wp-json\/wp\/v2\/types\/page"}],"author":[{"embeddable":true,"href":"https:\/\/www.abram.lu\/pt\/wp-json\/wp\/v2\/users\/1"}],"replies":[{"embeddable":true,"href":"https:\/\/www.abram.lu\/pt\/wp-json\/wp\/v2\/comments?post=3192"}],"version-history":[{"count":7,"href":"https:\/\/www.abram.lu\/pt\/wp-json\/wp\/v2\/pages\/3192\/revisions"}],"predecessor-version":[{"id":5116,"href":"https:\/\/www.abram.lu\/pt\/wp-json\/wp\/v2\/pages\/3192\/revisions\/5116"}],"wp:attachment":[{"href":"https:\/\/www.abram.lu\/pt\/wp-json\/wp\/v2\/media?parent=3192"}],"curies":[{"name":"wp","href":"https:\/\/api.w.org\/{rel}","templated":true}]}}